{"id":9066,"date":"2019-05-21T17:29:10","date_gmt":"2019-05-21T17:29:10","guid":{"rendered":"https:\/\/cambrils-turisme.com\/politique-de-condidentialite\/"},"modified":"2019-05-21T17:29:10","modified_gmt":"2019-05-21T17:29:10","slug":"politique-de-condidentialite","status":"publish","type":"page","link":"https:\/\/cambrils-turisme.com\/fr\/politique-de-condidentialite\/","title":{"rendered":"Politique de condidentialit\u00e9"},"content":{"rendered":"<p><span style=\"font-family: Arial, sans-serif;\"><b>RESPONSABLE <\/b><\/span><\/p>\n<p align=\"justify\"><span style=\"font-family: Arial, sans-serif;\">Conform\u00e9ment aux dispositions du <b>R\u00e8glement G\u00e9n\u00e9ral (UE) 2016\/679 sur la Protection des Donn\u00e9es et \u00e0 la Loi Organique 3\/2018 sur la Protection des Donn\u00e9es personnelles et les garanties des droits num\u00e9riques <\/b>, nous vous informons que les donn\u00e9es personnelles fournies \u00e0 travers les formulaires, ainsi que votre adresse email, ont \u00e9t\u00e9 inclus dans un traitement appartenant au <b>PATRONAT MUNICIPAL DE TURISME DE CAMBRILS [<\/b>ci-apr\u00e8s<b> CAMBRILS TURISME], <\/b>dont le si\u00e8ge social est \u00e0 Passeig de les Palmeres, 1 &#8211; 43850 CAMBRILS, NIF P9303801F, qui est en charge de l&rsquo;exploitation, la gestion et le fonctionnement du portail web dont mention ci-dessus . <\/span><\/p>\n<p align=\"justify\"><span style=\"font-family: Arial, sans-serif;\"><span style=\"font-size: medium;\">E-mail <b>tur@cambrils.org,<\/b> pour r\u00e9pondre \u00e0 vos questions et l&rsquo;envoi des informations en rapport avec les services offerts par <b>CAMBRILS TURISME.<\/b><\/span><\/span><\/p>\n<p align=\"justify\"><span style=\"font-family: Arial, sans-serif;\"><span style=\"font-size: medium;\">Nous vous informons que les donn\u00e9es peuvent \u00eatre utilis\u00e9es pour envoyer des communications commerciales, par n&rsquo;importe quel moyen, concernant des activit\u00e9s et des services de notre entreprise ou de notre groupe qui pourraient vous int\u00e9resser. Vous pourrez, \u00e0 n&rsquo;importe quel moment, faire opposition \u00e0 ce genre de communications, en nous adressant un courrier \u00e0 <b>dpd@cambrils.org<\/b> o\u00f9 vous indiquerez comme sujet \u201c<b>SUPPRESSION DE LA LISTE DE DISTRIBUTION\u201d.<\/b><\/span><\/span><\/p>\n<p align=\"justify\"><span style=\"font-family: Arial, sans-serif;\"><span style=\"font-size: medium;\">De m\u00eame, vous pourrez exercer les droits d&rsquo;<b>a<\/b>cc\u00e8s, de <b>r<\/b>ectification, de <b>s<\/b>uppression, d&rsquo; <b>\u00e9<\/b>ffacement, de <b>t<\/b>ransf\u00e9rabilit\u00e9 et de <b>l<\/b>imitation, en envoyant une lettre avec une photocopie de votre Carte d&rsquo;Identit\u00e9 ou autre document \u00e9quivalent \u00e0 l&rsquo;adresse suivante: <b>Passeig de les Palmeres, 1 &#8211; 43850 CAMBRILS <\/b>ou par courrier email \u00e0 <b>dpd@cambrils.org<\/b> en indiquant comme sujet\u00a0\u00bb<b>PROTECTION DES DONN\u00c9ES<\/b>\u00ab\u00a0.<\/span><\/span><\/p>\n<p align=\"justify\">\n<p align=\"justify\"><span style=\"font-family: Arial, sans-serif;\"><span style=\"font-size: medium;\"><b>POLITIQUE<\/b><\/span><\/span><\/p>\n<p align=\"justify\">\n<p align=\"justify\"><span style=\"font-family: Arial, sans-serif;\"><span style=\"font-size: medium;\"><b>CAMBRILS TURISME <\/b>est particuli\u00e8rement sensible \u00e0 la protection des donn\u00e9es des utilisateurs des services qui acc\u00e8dent au site web. Par la pr\u00e9sente Politique de Confidentialit\u00e9 nous informons, par le biais de <b>l&rsquo;information suppl\u00e9mentaire<\/b>,<b> <\/b> les utilisateurs de <b>cambrils-turisme.com <\/b>du traitement et utilisation auxquels sont soumis les donn\u00e9es \u00e0 caract\u00e8re personnel qui sont recueillies sur le web, dans le but qu&rsquo;ils puissent d\u00e9cider libre et volontairement , s&rsquo;ils souhaitent fournir les informations demand\u00e9es.<\/span><\/span><\/p>\n<p align=\"justify\"><span style=\"font-family: Arial, sans-serif;\"><span style=\"font-size: medium;\"><b>MESURES DE S\u00c9CURIT\u00c9<\/b><\/span><\/span><\/p>\n<p align=\"justify\"><span style=\"font-family: Arial, sans-serif;\"><span style=\"font-size: medium;\">Finalement, nous vous informons que <b>CAMBRILS TURISME , <\/b>a pris les mesures techniques et d&rsquo;organisation ad\u00e9quates dans son syst\u00e8me d&rsquo;information, dans le but de garantir la s\u00e9curit\u00e9 et la confidentialit\u00e9 des donn\u00e9es stock\u00e9es, en \u00e9vitant de la sorte , leur modification, leur perte, un traitement ou acc\u00e8s non autoris\u00e9; en tenant compte de l&rsquo;\u00e9tat actuel de la technique, des co\u00fbts d&rsquo;application, de la nature, la port\u00e9e et les finalit\u00e9s du traitement, ainsi comme des risques de probabilit\u00e9 et de gravit\u00e9 variables associ\u00e9s \u00e0 chacun des traitements. <\/span><\/span><\/p>\n<p align=\"justify\"><span style=\"font-family: Arial, sans-serif;\"><span style=\"font-size: medium;\"><b>DROITS DES UTILISATEURS<\/b><\/span><\/span><\/p>\n<p align=\"justify\"><span style=\"font-family: Arial, sans-serif;\"><span style=\"font-size: medium;\">La personne concern\u00e9e par les donn\u00e9es personnelles pourra exercer les droits que la loi lui conf\u00e8re, conform\u00e9ment au R\u00e8glement G\u00e9n\u00e9ral sur la Protection des Donn\u00e9es et \u00e0 la Loi Organique 3\/2018 sur la Protection des Donn\u00e9es personnelles et sur les garanties des droits num\u00e9riques, et qui sont:<\/span><\/span><\/p>\n<p align=\"justify\"><span style=\"font-family: Arial, sans-serif;\"><span style=\"font-size: medium;\"><b>A.-<\/b>Le droit <b>d&rsquo;acc\u00e8s<\/b>, qui pourra \u00eatre exerc\u00e9 annuellement, sauf en cas d&rsquo;int\u00e9r\u00eat l\u00e9gitime justifi\u00e9. Lors de l&rsquo;exercice de ce droit , la personne concern\u00e9e pourra choisir parmi les syst\u00e8mes de consultations des fichiers ci-dessous:<\/span><\/span><\/p>\n<ul>\n<li><span style=\"font-family: Arial, sans-serif;\"><span lang=\"fr-FR\">Envoyer un courrier email \u00e0: <\/span><a href=\"mailto:dpd@cambrils.org\">dpd@cambrils.org<\/a><span lang=\"fr-FR\"><b>.<\/b><\/span><\/span><\/li>\n<li><span style=\"font-family: Arial, sans-serif;\">Communication par \u00e9crit adress\u00e9e \u00e0<b> CAMBRILS TURISME, Passeig de les Palmeres, 1 &#8211; 43850 CAMBRILS<\/b><\/span><\/li>\n<\/ul>\n<p align=\"justify\"><span style=\"font-family: Arial, sans-serif;\"><span style=\"font-size: medium;\"><b>CAMBRILS TURISME <\/b>, communiquera sa d\u00e9cision dans le d\u00e9lai d&rsquo; un mois. Si la r\u00e9ponse est affirmative, la personne concern\u00e9e pourra acc\u00e9der aux informations dans le d\u00e9lai de 10 jours suite \u00e0 la date de la notification.<\/span><\/span><\/p>\n<p align=\"justify\">\n<p align=\"justify\"><span style=\"font-family: Arial, sans-serif;\"><span style=\"font-size: medium;\"><b>B.-<\/b>Les droits de <b>rectification <\/b>et <b>d&rsquo;effacement<\/b> pourront \u00eatre exerc\u00e9s , en conformit\u00e9 avec les dispositions suivantes, chaque fois que la personne concern\u00e9e consid\u00e8re que les donn\u00e9es stock\u00e9es dans nos traitements son <i>inexactes, incompl\u00e8tes, inappropri\u00e9es ou excessives.<\/i> Dans ce cas, la personne concern\u00e9e pourra exercer ses droits en se servant de quelconque des moyens pr\u00e9vus ci-dessus.<\/span><\/span><\/p>\n<p align=\"justify\"><span style=\"font-family: Arial, sans-serif;\"><span style=\"font-size: medium;\"><b>CAMBRILS TURISME <\/b>proc\u00e8dera \u00e0 la rectification ou effacement dans les 10 jours suivant la r\u00e9ception de la demande.<\/span><\/span><\/p>\n<p align=\"justify\"><span style=\"font-family: Arial, sans-serif;\"><span style=\"font-size: medium;\"><b>C.- <\/b>Le droit <b>d&rsquo;opposition <\/b>pourra \u00eatre exercer, conform\u00e9ment aux dispositions suivantes, chaque fois que la personne concern\u00e9e voudra s&rsquo;opposer au traitement de ses donn\u00e9es personnelles , m\u00eame si les donn\u00e9es sont trait\u00e9es en toute lic\u00e9it\u00e9 d\u00fb \u00e0 un int\u00e9r\u00eat l\u00e9gitime ou \u00e0 un consentement aux fins publicitaires.<\/span><\/span><\/p>\n<p align=\"justify\"><span style=\"font-family: Arial, sans-serif;\"><span style=\"font-size: medium;\"><b>D.- <\/b>Le droit de <b>transf\u00e9rabilit\u00e9<\/b> pourra \u00eatre exerc\u00e9 , conform\u00e9ment aux dispositions suivantes, chaque fois que la personne concern\u00e9e consid\u00e8re que les donn\u00e9es stock\u00e9es dans nos traitements doivent \u00eatre retourn\u00e9es au titulaire des donn\u00e9es , ou \u00e9ventuellement \u00e0 un tiers (Responsable de traitement).<\/span><\/span><\/p>\n<p align=\"justify\"><span style=\"font-family: Arial, sans-serif;\"><span style=\"font-size: medium;\"><b>E.- <\/b>Le droit de <b>limitation du traitement <\/b>pourra \u00eatre exerc\u00e9, au pr\u00e9alable du droit d&rsquo;opposition au traitement de ses donn\u00e9es, et tant que le droit d&rsquo;opposition n&rsquo;aura pas \u00e9t\u00e9 r\u00e9solu le traitement des donn\u00e9es devra \u00eatre limit\u00e9.<\/span><\/span><\/p>\n<p align=\"justify\">\n<p align=\"justify\"><span style=\"font-family: Arial, sans-serif;\"><span style=\"font-size: medium;\"><b>CHANGEMENT L\u00c9GISLATIF<\/b><\/span><\/span><\/p>\n<p align=\"justify\"><span style=\"font-family: Arial, sans-serif;\"><span style=\"font-size: medium;\"><b>CAMBRILS TURISME <\/b>se r\u00e9serve le droit de modifier la pr\u00e9sente politique dans le but de l&rsquo;adapter aux nouveaut\u00e9s l\u00e9gislatives ou jurisprudentielles. Ces modifications seront communiqu\u00e9es, avec le pr\u00e9avis n\u00e9cessaire, sur notre site web, sans pr\u00e9judice de demander le consentement n\u00e9cessaire des personnes concern\u00e9es lorsqu&rsquo;il ne sera pas consid\u00e9r\u00e9 octroy\u00e9 dans les termes de la pr\u00e9sente politique.<\/span><\/span><\/p>\n<p align=\"justify\"><span style=\"font-family: Arial, sans-serif;\"><span style=\"font-size: medium;\"><span lang=\"fr-FR\">Tout doute, question ou commentaire qui pourrait avoir regard \u00e0 cette l\u00e9gislation pourra \u00eatre consult\u00e9 en adressant votre demande \u00e0 <\/span><b><a href=\"mailto:tur@cambrils.org\"><span lang=\"fr-FR\">tur@cambrils.org<\/span><\/a><span lang=\"fr-FR\">.<\/span><\/b><\/span><\/span><\/p>\n<p align=\"justify\">\n<p align=\"justify\">\n<p align=\"justify\">\n<p align=\"justify\">\n<p align=\"justify\">\n<p align=\"justify\">\n<p align=\"justify\">\n<p align=\"justify\">\n<p align=\"justify\">\n<p align=\"justify\"><span style=\"font-family: Arial, sans-serif;\"><span style=\"font-size: medium;\">Mention L\u00e9gale<\/span><\/span><\/p>\n<p align=\"justify\">\n<p align=\"justify\"><span style=\"font-family: Arial, sans-serif;\"><span style=\"font-size: medium;\"><b><em><span style=\"color: #000000;\"><span lang=\"fr-FR\">DONN\u00c9ES D&rsquo;IDENTIFICATION DU PRESTATAIRE<\/span><\/span><\/em> <span style=\"color: #000000;\"><span lang=\"fr-FR\">DE<\/span><\/span><\/b> <b><em><span style=\"color: #000000;\"><span lang=\"fr-FR\">SERVICES DE LA SOCI\u00c9T\u00c9 DE L&rsquo;INFORMATION<\/span><\/span><\/em> <\/b><\/span><\/span><\/p>\n<h2 class=\"western\" align=\"justify\"><span style=\"font-family: Arial, sans-serif;\"><span style=\"font-size: medium;\">Conform\u00e9ment aux dispositions de l&rsquo;article 10 de la Loi 34\/2002, du 11 juillet , sur les<b>\u201cServices de La Soci\u00e9t\u00e9 de L&rsquo;Information et le Commerce Electronique (LSSI)<\/b> nous vous communiquons l&rsquo;information suivante:<\/span><\/span><\/h2>\n<p align=\"justify\">\n<p align=\"justify\"><span style=\"font-family: Arial, sans-serif;\"><span style=\"font-size: medium;\"><b>PATRONAT MUNICIPAL DE TURISME DE CAMBRILS, [<\/b>ci-apr\u00e8s <b>CAMBRILS TURISME], <\/b>est le titulaire du portail web <b>cambrils-turisme.com<\/b>, qui agit exclusivement en tant qu&rsquo;exploitant et gestionnaire de contenus des portails Web dont le domicile est \u00e0: Passeig de les Palmeres, 1 &#8211; 43850 CAMBRILS, NIF P9303801F, il est en charge de l&rsquo;exploitation, la gestion et le fonctionnement du portail Web ci-dessus mentionn\u00e9.<br \/>\nSi vous souhaitez nous contacter, vous pouvez le faire soit par courrier postal \u00e0 l&rsquo;adresse qui figure sur le paragraphe ant\u00e9rieur ou soit par courrier email \u00e0 <b>tur@cambrils.org.<\/b><\/span><\/span><\/p>\n<p align=\"justify\">\n<p align=\"justify\"><span style=\"font-family: Arial, sans-serif;\"><span style=\"font-size: medium;\"><b>INTRODUCTION<\/b><\/span><\/span><\/p>\n<p align=\"justify\"><span style=\"font-family: Arial, sans-serif;\"><span style=\"font-size: medium;\">La pr\u00e9sente Mention L\u00e9gale r\u00e9glemente l&rsquo;utilisation de ce site web. L&rsquo;acc\u00e8s au site web est gratuit sauf en ce qui concerne le co\u00fbt de la connexion \u00e0 travers le r\u00e9seau de t\u00e9l\u00e9communications mis \u00e0 disposition par le fournisseur d&rsquo;acc\u00e8s auquel l&rsquo;utilisateur a fait appel.<\/span><\/span><\/p>\n<p align=\"justify\">\n<p align=\"justify\"><span style=\"font-family: Arial, sans-serif;\"><span style=\"font-size: medium;\"><b>ACCEPTATION<\/b><\/span><\/span><\/p>\n<p align=\"justify\"><span style=\"font-family: Arial, sans-serif;\"><span style=\"font-size: medium;\">L&rsquo;utilisation du portail Web attribue la condition d&rsquo;utilisateur, et implique l&rsquo;acceptation totale et sans r\u00e9serves de toutes et chacune des dispositions inclues dans cette mention l\u00e9gale, dans la version publi\u00e9e pour <b>CAMBRILS TURISME <\/b>et ce \u00e0 l&rsquo;instant m\u00eame o\u00f9 l&rsquo;utilisateur acc\u00e8de au Web. En cons\u00e9quence, l&rsquo;utilisateur doit lire attentivement la pr\u00e9sente <b>Mention L\u00e9gale <\/b>\u00e0 chaque occasion o\u00f9 il pr\u00e9tendra l&rsquo;utilisation du Web,du fait qu&rsquo;il peut y avoir des modifications.<\/span><\/span><\/p>\n<p align=\"justify\">\n<p align=\"justify\"><span style=\"font-family: Arial, sans-serif;\"><span style=\"font-size: medium;\"><b>INFORMATION SUR LES LIENS \u201cLINKS\u201d<\/b><\/span><\/span><\/p>\n<p align=\"justify\"><span style=\"font-family: Arial, sans-serif;\"><span style=\"font-size: medium;\"><b>CAMBRILS TURISME <\/b>n&rsquo;est pas tenu responsable des webs non propres ou appartenant \u00e0 des tiers, auxquelles on peut acc\u00e9der \u00e0 travers des liens \u201c<b>links\u201d<\/b> , ni de tout contenu mis \u00e0 disposition par des tiers.<\/span><\/span><\/p>\n<p align=\"justify\"><span style=\"font-family: Arial, sans-serif;\"><span style=\"font-size: medium;\">Quelconque utilisation d&rsquo;un lien ou d&rsquo;un acc\u00e8s \u00e0 un Web non propre est effectu\u00e9 par la volont\u00e9 et au risque exclusif de l&rsquo;utilisateur , <b>CAMBRILS TURISME <\/b>ne recommande et ne garantit aucune information obtenue \u00e0 travers un lien \u00e9tranger au site web <b>cambrils-turisme.com, <\/b>et n&rsquo;est pas tenu responsable d&rsquo;aucune perte, r\u00e9clamation ou pr\u00e9judice d\u00e9coulant de l&rsquo;utilisation ou de la mauvaise utilisation d&rsquo;un lien, ou de l&rsquo;information obtenue de ce lien, inclu d&rsquo;autres liens ou webs, de l&rsquo;arr\u00eat du service ou de l&rsquo;acc\u00e8s, de l&rsquo;utilisation ou de la mauvaise utilisation d&rsquo;un lien aussi bien au moment de se connecter au portail Web <b>cambrils-turisme.com <\/b>comme au moment d&rsquo;acc\u00e9der \u00e0 l&rsquo;information d&rsquo; autres webs depuis le m\u00eame portail Web.<\/span><\/span><\/p>\n<p align=\"justify\"><span style=\"font-family: Arial, sans-serif;\"><span style=\"font-size: medium;\"><b>EXON\u00c9RATION ET LIMITATION DE LA RESPONSABILIT\u00c9 <\/b><\/span><\/span><\/p>\n<p align=\"justify\"><span style=\"font-family: Arial, sans-serif;\"><span style=\"font-size: medium;\">L&rsquo;information et les services inclus ou disponibles \u00e0 travers les sites Web peuvent contenir des inexactitudes ou des erreurs de typographie. Quotidiennement on incorpore des modifications aux informations contenues sur le Web. <b>CAMBRILS TURISME <\/b>peut, \u00e0 n&rsquo;importe quel moment, am\u00e9liorer et\/ou modifier les services et les contenus.<\/span><\/span><\/p>\n<p align=\"justify\"><span style=\"font-family: Arial, sans-serif;\"><span style=\"font-size: medium;\">Nous vous pr\u00e9venons, aussi, que les contenus de ce web ont un but informatif en ce qui concerne l&rsquo;offre des services et les tarifs, conform\u00e9ment aux dispositions de la pr\u00e9sente mention l\u00e9gale et du reste des textes l\u00e9gaux du pr\u00e9sent portail.<\/span><\/span><\/p>\n<p align=\"justify\"><span style=\"font-family: Arial, sans-serif;\"><span style=\"font-size: medium;\"><b>INFORMATION SUR L&rsquo;EXON\u00c9RATION DE TOUTE RESPONSABILIT\u00c9 D\u00c9COULANT D&rsquo;UN PROBL\u00c8ME TECHNIQUE ET DE CONTENU<\/b><\/span><\/span><\/p>\n<p align=\"justify\"><span style=\"font-family: Arial, sans-serif;\"><span style=\"font-size: medium;\"><b>CAMBRILS TURISME <\/b>d\u00e9cline toute responsabilit\u00e9 dans les cas d&rsquo;interruption ou de mauvais fonctionnement des services ou des contenus offerts sur Internet , quelconque soit leur cause.<\/span><\/span><\/p>\n<p align=\"justify\"><span style=\"font-family: Arial, sans-serif;\"><span style=\"font-size: medium;\">De m\u00eame <b>CAMBRILS TURISME <\/b>n&rsquo;est pas tenu responsable des pannes ou des chutes du r\u00e9seau, ni des pertes d&rsquo;affaires d\u00fbes \u00e0 ces pannes et\/ou chutes, aux coupures temporaires de fluide \u00e9lectrique ou quelconque autre.<\/span><\/span><\/p>\n<p align=\"justify\"><span style=\"font-family: Arial, sans-serif;\"><span style=\"font-size: medium;\"><b>CAMBRILS TURISME <\/b>ne garantit pas que les services ou les contenus ne subissent aucune interruption ou qu&rsquo;ils soient libres d&rsquo;erreurs, que les d\u00e9fauts soient corrig\u00e9s, ou que le service ou le serveur qui les met \u00e0 disposition soient libres de virus ou d&rsquo;autres \u00e9l\u00e9ments nuisibles, sans pr\u00e9judice du fait que <b>CAMBRILS TURISME <\/b>met tous ses efforts pour \u00e9viter ce genre d&rsquo;incidences. Dans le cas o\u00f9 l&rsquo;utilisateur prendrait certaines d\u00e9cisions ou r\u00e9aliserait des actions sur la base des informations inclues sur quelconque des \u201cwebsites\u201d, nous recommandons de v\u00e9rifier ces informations \u00e0 partir d&rsquo;autres sources.<\/span><\/span><\/p>\n<p align=\"justify\">\n<p align=\"justify\"><span style=\"font-family: Arial, sans-serif;\"><span style=\"font-size: medium;\"><b>PROPRI\u00c9T\u00c9 INTELLECTUELLE ET INDUSTRIELLE, MARQUES D\u00c9POS\u00c9ES<\/b><\/span><\/span><\/p>\n<p align=\"justify\"><span style=\"font-family: Arial, sans-serif;\"><span style=\"font-size: medium;\">La structure, le dessin et la pr\u00e9sentation des \u00e9l\u00e9ments ( graphiques, images, fichiers logos, combinaison de couleurs et tout \u00e9l\u00e9ment susceptible de protection) sont prot\u00e9g\u00e9s par les droits de propri\u00e9t\u00e9 intellectuelle, qui appartiennent \u00e0 <b>CAMBRILS TURISME.<\/b><\/span><\/span><\/p>\n<p align=\"justify\"><span style=\"font-family: Arial, sans-serif;\"><span style=\"font-size: medium;\">La reproduction, la transformation, la distribution, la communication publique et en g\u00e9n\u00e9ral quelconque autre forme d&rsquo;exploitation partielle ou totale des \u00e9l\u00e9ments mentionn\u00e9s au paragraphe ant\u00e9rieur sont interdites. Ces actes d&rsquo;exploitation pourront \u00eatre r\u00e9alis\u00e9s seulement dans les cas d&rsquo;autorisation expresse de <b>CAMBRILS TURISME <\/b>et ils devront faire, dans tous les cas, une r\u00e9f\u00e9rence explicite \u00e0 <b>CAMBRILS TURISME <\/b> comme titulaire de ces droits de propri\u00e9t\u00e9 intellectuelle.<\/span><\/span><\/p>\n<p align=\"justify\"><span style=\"font-family: Arial, sans-serif;\"><span style=\"font-size: medium;\">Seulement l&rsquo;utilisation priv\u00e9e du mat\u00e9riel documentaire \u00e9labor\u00e9 pour <b>CAMBRILS TURISME <\/b>est autoris\u00e9.Dans aucun cas, vous ne pourrez supprimer, modifier, \u00e9luder ou manipuler les appareils de protection ou les syst\u00e8mes de s\u00e9curit\u00e9 qui pourraient \u00eatre install\u00e9s.<\/span><\/span><\/p>\n<p align=\"justify\"><span style=\"font-family: Arial, sans-serif;\"><span style=\"font-size: medium;\">Sauf autorisation expresse de <b>CAMBRILS TURISME <\/b>il n&rsquo;est pas permis d&rsquo;effectuer un lien aux \u00abpages finales\u00bb, au \u00abframe\u00bb ou autre manipulation de ce genre. Les liens sont toujours \u00e0 partir de la page principale ou \u00abhome page\u00bb de <b>cambrils-turisme.com<\/b>.<\/span><\/span><\/p>\n<p align=\"justify\"><span style=\"font-family: Arial, sans-serif;\"><span style=\"font-size: medium;\"><span lang=\"es-ES\">Les signes distinctifs (marques, nom commerciaux) de <\/span><b>CAMBRILS TURISME <\/b>sont prot\u00e9g\u00e9s par les droits de propri\u00e9t\u00e9 industrielle , leur utilisation ou manipulation est interdite, sauf l&rsquo;autorisation expresse et par \u00e9crit de <b>CAMBRILS TURISME.<\/b><\/span><\/span><\/p>\n<p lang=\"es-ES\" align=\"justify\">\n","protected":false},"excerpt":{"rendered":"<p>RESPONSABLE Conform\u00e9ment aux dispositions du R\u00e8glement G\u00e9n\u00e9ral (UE) 2016\/679 sur la Protection des Donn\u00e9es et \u00e0 la Loi Organique 3\/2018 sur la Protection des Donn\u00e9es personnelles et les garanties des droits num\u00e9riques , nous vous informons que les donn\u00e9es personnelles fournies \u00e0 travers les formulaires, ainsi que votre adresse email, ont \u00e9t\u00e9 inclus dans un [&hellip;]<\/p>\n","protected":false},"author":3,"featured_media":0,"parent":0,"menu_order":0,"comment_status":"closed","ping_status":"closed","template":"","meta":[],"acf":[],"_links":{"self":[{"href":"https:\/\/cambrils-turisme.com\/fr\/wp-json\/wp\/v2\/pages\/9066"}],"collection":[{"href":"https:\/\/cambrils-turisme.com\/fr\/wp-json\/wp\/v2\/pages"}],"about":[{"href":"https:\/\/cambrils-turisme.com\/fr\/wp-json\/wp\/v2\/types\/page"}],"author":[{"embeddable":true,"href":"https:\/\/cambrils-turisme.com\/fr\/wp-json\/wp\/v2\/users\/3"}],"replies":[{"embeddable":true,"href":"https:\/\/cambrils-turisme.com\/fr\/wp-json\/wp\/v2\/comments?post=9066"}],"version-history":[{"count":0,"href":"https:\/\/cambrils-turisme.com\/fr\/wp-json\/wp\/v2\/pages\/9066\/revisions"}],"wp:attachment":[{"href":"https:\/\/cambrils-turisme.com\/fr\/wp-json\/wp\/v2\/media?parent=9066"}],"curies":[{"name":"wp","href":"https:\/\/api.w.org\/{rel}","templated":true}]}}