{"id":9065,"date":"2019-05-21T17:32:36","date_gmt":"2019-05-21T17:32:36","guid":{"rendered":"https:\/\/cambrils-turisme.com\/politique-de-cookies\/"},"modified":"2024-04-05T12:42:37","modified_gmt":"2024-04-05T12:42:37","slug":"politique-de-cookies","status":"publish","type":"page","link":"https:\/\/cambrils-turisme.com\/fr\/politique-de-cookies\/","title":{"rendered":"Politique de cookies"},"content":{"rendered":"<p>[vc_row][vc_column][vc_column_text]<\/p>\n<p align=\"justify\"><span style=\"font-family: Arial, sans-serif;\"><b>Que sont les Cookies?<\/b><\/span><\/p>\n<p align=\"justify\">Les cookies sont de petits fichiers texte stock\u00e9s localement dans la \u00ab\u00a0m\u00e9moire cache\u00a0\u00bb de votre navigateur Internet. Ce site web utilise des cookies et\/ou des technologies qui stockent et r\u00e9cup\u00e8rent des informations lorsque vous naviguez sur Internet. Ces technologies permettent au site web de reconna\u00eetre votre navigateur et, par cons\u00e9quent, de stocker vos pr\u00e9f\u00e9rences utilisateur.<\/p>\n<p>Types et fonctions des cookies<\/p>\n<p>Propres : Ceux qui sont envoy\u00e9s \u00e0 l&rsquo;\u00e9quipement terminal de l&rsquo;utilisateur depuis un \u00e9quipement ou un domaine g\u00e9r\u00e9 par le m\u00eame \u00e9diteur et \u00e0 partir duquel le service demand\u00e9 par l&rsquo;utilisateur est fourni.<\/p>\n<p>Tiers : Ceux qui sont envoy\u00e9s \u00e0 l&rsquo;\u00e9quipement terminal de l&rsquo;utilisateur depuis un \u00e9quipement ou un domaine qui n&rsquo;est pas g\u00e9r\u00e9 par l&rsquo;\u00e9diteur mais par une autre entit\u00e9 traitant les donn\u00e9es obtenues via les cookies.<\/p>\n<p>Permanents : Ils permettent l&rsquo;acc\u00e8s aux donn\u00e9es du terminal de l&rsquo;utilisateur pour une p\u00e9riode d\u00e9finie par le responsable du cookie.<\/p>\n<p>De session : Con\u00e7us pour collecter et stocker des donn\u00e9es pendant que l&rsquo;utilisateur acc\u00e8de \u00e0 un site Web et qui stockent et conservent les informations de l&rsquo;utilisateur une seule fois.<\/p>\n<p>Techniques : Permettent \u00e0 l&rsquo;utilisateur de naviguer sur un site Web et d&rsquo;utiliser diff\u00e9rentes options ou services.<\/p>\n<p>De personnalisation : Permettent de m\u00e9moriser des informations afin que l&rsquo;utilisateur puisse acc\u00e9der au service avec certaines caract\u00e9ristiques qui peuvent diff\u00e9rencier son exp\u00e9rience de celle d&rsquo;autres utilisateurs, en disposant de caract\u00e9ristiques de navigation personnalis\u00e9es pour le site Web.<\/p>\n<p>Analytiques : Permettent le suivi et l&rsquo;analyse du comportement de l&rsquo;utilisateur des sites Web auxquels il est li\u00e9, dans le but ult\u00e9rieur d&rsquo;apporter des am\u00e9liorations en fonction des donn\u00e9es ajout\u00e9es.<\/p>\n<p>Publicitaires : Permettent la gestion des espaces publicitaires de l&rsquo;\u00e9diteur sur la base de certains crit\u00e8res, avec le contenu \u00e9dit\u00e9 ou la fr\u00e9quence d&rsquo;acc\u00e8s.<\/p>\n<p>Types de cookies utilis\u00e9s sur ce site Web:<\/p>\n<p>Propres, Tiers, Permanents,, De session, Techniques, De personnalisation, Analytiques, Publicitaires<\/p>\n<p>Vous pouvez d\u00e9sactiver l&rsquo;utilisation de cookies propres et tiers en configurant les options du navigateur install\u00e9 sur votre \u00e9quipement :<\/p>\n<ul>\n<li style=\"font-weight: 400;\" aria-level=\"2\"><span style=\"font-weight: 400;\">Internet Explorer 9\u00a0<\/span><a href=\"https:\/\/support.microsoft.com\/es-es\/help\/17442\/windows-internet-explorer-delete-manage-cookies\"><span style=\"font-weight: 400;\">https:\/\/support.microsoft.com\/es-es\/help\/17442\/windows-internet-explorer-delete-manage-cookies<\/span><\/a><span style=\"font-weight: 400;\">\u00a0\u00a0<\/span><\/li>\n<li style=\"font-weight: 400;\" aria-level=\"2\"><span style=\"font-weight: 400;\">Chrome\u00a0<\/span><a href=\"https:\/\/support.google.com\/chrome\/answer\/95647?co=GENIE.Platform%3DDesktop&amp;hl=es\"><span style=\"font-weight: 400;\">https:\/\/support.google.com\/chrome\/answer\/95647?co=GENIE.Platform%3DDesktop&amp;hl=es<\/span><\/a><span style=\"font-weight: 400;\">\u00a0\u00a0<\/span><\/li>\n<li style=\"font-weight: 400;\" aria-level=\"2\"><span style=\"font-weight: 400;\">Mozilla\u00a0Firefox\u00a0<\/span><a href=\"https:\/\/support.mozilla.org\/es\/kb\/habilitar-y-deshabilitar-cookies-sitios-web-rastrear-preferencias\"><span style=\"font-weight: 400;\">https:\/\/support.mozilla.org\/es\/kb\/habilitar-y-deshabilitar-cookies-sitios-web-rastrear-preferencias<\/span><\/a><span style=\"font-weight: 400;\">\u00a0\u00a0<\/span><\/li>\n<li style=\"font-weight: 400;\" aria-level=\"2\"><span style=\"font-weight: 400;\">Safari\u00a0<\/span><a href=\"https:\/\/support.apple.com\/es-es\/guide\/safari\/sfri11471\/mac\"><span style=\"font-weight: 400;\">https:\/\/support.apple.com\/es-es\/guide\/safari\/sfri11471\/mac<\/span><\/a><span style=\"font-weight: 400;\">\u00a0\u00a0<\/span><\/li>\n<\/ul>\n<p>Vous pouvez configurer les cookies accept\u00e9s en cliquant ici.[\/vc_column_text][\/vc_column][\/vc_row]<\/p>\n","protected":false},"excerpt":{"rendered":"<p>[vc_row][vc_column][vc_column_text] Que sont les Cookies? Les cookies sont de petits fichiers texte stock\u00e9s localement dans la \u00ab\u00a0m\u00e9moire cache\u00a0\u00bb de votre navigateur Internet. Ce site web utilise des cookies et\/ou des technologies qui stockent et r\u00e9cup\u00e8rent des informations lorsque vous naviguez sur Internet. Ces technologies permettent au site web de reconna\u00eetre votre navigateur et, par cons\u00e9quent, [&hellip;]<\/p>\n","protected":false},"author":3,"featured_media":0,"parent":0,"menu_order":0,"comment_status":"closed","ping_status":"closed","template":"","meta":[],"acf":[],"_links":{"self":[{"href":"https:\/\/cambrils-turisme.com\/fr\/wp-json\/wp\/v2\/pages\/9065"}],"collection":[{"href":"https:\/\/cambrils-turisme.com\/fr\/wp-json\/wp\/v2\/pages"}],"about":[{"href":"https:\/\/cambrils-turisme.com\/fr\/wp-json\/wp\/v2\/types\/page"}],"author":[{"embeddable":true,"href":"https:\/\/cambrils-turisme.com\/fr\/wp-json\/wp\/v2\/users\/3"}],"replies":[{"embeddable":true,"href":"https:\/\/cambrils-turisme.com\/fr\/wp-json\/wp\/v2\/comments?post=9065"}],"version-history":[{"count":3,"href":"https:\/\/cambrils-turisme.com\/fr\/wp-json\/wp\/v2\/pages\/9065\/revisions"}],"predecessor-version":[{"id":135852,"href":"https:\/\/cambrils-turisme.com\/fr\/wp-json\/wp\/v2\/pages\/9065\/revisions\/135852"}],"wp:attachment":[{"href":"https:\/\/cambrils-turisme.com\/fr\/wp-json\/wp\/v2\/media?parent=9065"}],"curies":[{"name":"wp","href":"https:\/\/api.w.org\/{rel}","templated":true}]}}