{"id":8413,"date":"2017-11-07T11:06:07","date_gmt":"2017-11-07T11:06:07","guid":{"rendered":"https:\/\/cambrils-turisme.com\/la-meteo\/"},"modified":"2024-01-11T13:22:30","modified_gmt":"2024-01-11T13:22:30","slug":"la-meteo","status":"publish","type":"page","link":"https:\/\/cambrils-turisme.com\/fr\/la-meteo\/","title":{"rendered":"La m\u00e9t\u00e9o"},"content":{"rendered":"<p>[vc_row][vc_column el_class=\u00a0\u00bbwebcam\u00a0\u00bb][vc_column_text]<br \/>\nLa m\u00e9t\u00e9o en direct \u00e0 Cambrils<br \/>\n[\/vc_column_text][vc_empty_space][vc_raw_html]JTNDZGl2JTIwY2xhc3MlM0QlMjJ3ZWJjYW0lMjIlM0UlM0NpZnJhbWUlMjBmcmFtZWJvcmRlciUzRCUyMjAlMjIlMjBoZWlnaHQlM0QlMjI3MDBweCUyMiUyMHNyYyUzRCUyMmh0dHAlM0ElMkYlMkZ3ZWJ0di5mZXJhdGVsLmNvbSUyRndlYnR2JTJGJTNGZGVzaWduJTNEdjUlMjZjYW0lM0QxNTAxMCUyMiUyMHdpZHRoJTNEJTIyMTAwJTI1JTIyJTNFJTNDJTJGaWZyYW1lJTNFJTNDJTJGZGl2JTNF[\/vc_raw_html][\/vc_column][\/vc_row]<\/p>\n","protected":false},"excerpt":{"rendered":"<p>[vc_row][vc_column el_class=\u00a0\u00bbwebcam\u00a0\u00bb][vc_column_text] La m\u00e9t\u00e9o en direct \u00e0 Cambrils [\/vc_column_text][vc_empty_space][vc_raw_html]JTNDZGl2JTIwY2xhc3MlM0QlMjJ3ZWJjYW0lMjIlM0UlM0NpZnJhbWUlMjBmcmFtZWJvcmRlciUzRCUyMjAlMjIlMjBoZWlnaHQlM0QlMjI3MDBweCUyMiUyMHNyYyUzRCUyMmh0dHAlM0ElMkYlMkZ3ZWJ0di5mZXJhdGVsLmNvbSUyRndlYnR2JTJGJTNGZGVzaWduJTNEdjUlMjZjYW0lM0QxNTAxMCUyMiUyMHdpZHRoJTNEJTIyMTAwJTI1JTIyJTNFJTNDJTJGaWZyYW1lJTNFJTNDJTJGZGl2JTNF[\/vc_raw_html][\/vc_column][\/vc_row]<\/p>\n","protected":false},"author":3,"featured_media":0,"parent":0,"menu_order":0,"comment_status":"closed","ping_status":"closed","template":"","meta":[],"acf":[],"_links":{"self":[{"href":"https:\/\/cambrils-turisme.com\/fr\/wp-json\/wp\/v2\/pages\/8413"}],"collection":[{"href":"https:\/\/cambrils-turisme.com\/fr\/wp-json\/wp\/v2\/pages"}],"about":[{"href":"https:\/\/cambrils-turisme.com\/fr\/wp-json\/wp\/v2\/types\/page"}],"author":[{"embeddable":true,"href":"https:\/\/cambrils-turisme.com\/fr\/wp-json\/wp\/v2\/users\/3"}],"replies":[{"embeddable":true,"href":"https:\/\/cambrils-turisme.com\/fr\/wp-json\/wp\/v2\/comments?post=8413"}],"version-history":[{"count":2,"href":"https:\/\/cambrils-turisme.com\/fr\/wp-json\/wp\/v2\/pages\/8413\/revisions"}],"predecessor-version":[{"id":125663,"href":"https:\/\/cambrils-turisme.com\/fr\/wp-json\/wp\/v2\/pages\/8413\/revisions\/125663"}],"wp:attachment":[{"href":"https:\/\/cambrils-turisme.com\/fr\/wp-json\/wp\/v2\/media?parent=8413"}],"curies":[{"name":"wp","href":"https:\/\/api.w.org\/{rel}","templated":true}]}}