{"id":4948,"date":"2016-04-23T06:35:10","date_gmt":"2016-04-23T06:35:10","guid":{"rendered":"https:\/\/cambrils-turisme.com\/cambrils\/"},"modified":"2024-07-12T10:03:16","modified_gmt":"2024-07-12T10:03:16","slug":"cambrils","status":"publish","type":"page","link":"https:\/\/cambrils-turisme.com\/fr\/","title":{"rendered":"Cambrils"},"content":{"rendered":"<p>[vc_row][vc_column][vc_column_text]<\/p>\n<div class=\"main_title\">\n<h2><b>Cambrils<\/b>, vous va si bien<\/h2>\n<p>Cambrils c\u2019est la gastronomie, le tourisme en famille, les exp\u00e9riences, le sport et la culture. Cambrils, ce sont ses plages et ses f\u00eates, ses traditions, son peuple\u2026Cambrils c\u2019est beaucoup plus qu\u2019une destination touristique, c\u2019est tout ce que l\u2019on y vit.<\/p>\n<\/div>\n<p>[\/vc_column_text][vc_raw_html]JTNDZGl2JTIwY2xhc3MlM0QlMjJyb3clMjBjb250YWluZXIlMjIlM0UlMEElM0NkaXYlMjBjbGFzcyUzRCUyMmNvbC1tZC0zJTIwY29sdW1uJTIwdWktc29ydGFibGUlMjIlM0UlM0NhJTIwY2xhc3MlM0QlMjJidG5fMSUyMGJ0bi1mdWxsJTIwc3F1YXJlJTIwYnRuLWdhc3Ryb25vbWlhJTIyJTIwaHJlZiUzRCUyMiUyRmZyJTJGZ2FzdHJvbm9taWElMjIlM0VHYXN0cm9ub21pZSUzQyUyRmElM0UlM0MlMkZkaXYlM0UlMEElM0NkaXYlMjBjbGFzcyUzRCUyMmNvbC1tZC0zJTIwY29sdW1uJTIwdWktc29ydGFibGUlMjIlM0UlM0NhJTIwY2xhc3MlM0QlMjJidG5fMSUyMGJ0bi1mdWxsJTIwc3F1YXJlJTIwYnRuLXBsYXRnZXMlMjIlMjBocmVmJTNEJTIyJTJGZnIlMkZwbGF0Z2VzJTIyJTNFUGxhZ2VzJTNDJTJGYSUzRSUzQyUyRmRpdiUzRSUwQSUzQ2RpdiUyMGNsYXNzJTNEJTIyY29sLW1kLTMlMjBjb2x1bW4lMjB1aS1zb3J0YWJsZSUyMiUzRSUzQ2ElMjBjbGFzcyUzRCUyMmJ0bl8xJTIwYnRuLWZ1bGwlMjBzcXVhcmUlMjBidG4tZXNwb3J0cyUyMiUyMGhyZWYlM0QlMjIlMkZmciUyRmVzcG9ydHMlMjIlM0VTcG9ydHMlM0MlMkZhJTNFJTNDJTJGZGl2JTNFJTBBJTNDZGl2JTIwY2xhc3MlM0QlMjJjb2wtbWQtMyUyMGNvbHVtbiUyMHVpLXNvcnRhYmxlJTIyJTNFJTNDYSUyMGNsYXNzJTNEJTIyYnRuXzElMjBidG4tZnVsbCUyMHNxdWFyZSUyMGJ0bi1mYW1pbGlhJTIyJTIwaHJlZiUzRCUyMiUyRmZyJTJGZW4tZmFtaWxpYSUyMiUzRUVuJTIwZmFtaWxsZSUzQyUyRmElM0UlM0MlMkZkaXYlM0UlMEElM0MlMkZkaXYlM0UlMEElM0NkaXYlMjBjbGFzcyUzRCUyMnJvdyUyMGNvbnRhaW5lciUyMiUzRSUwQSUzQ2RpdiUyMGNsYXNzJTNEJTIyY29sLW1kLTMlMjBjb2x1bW4lMjB1aS1zb3J0YWJsZSUyMiUzRSUzQ2ElMjBjbGFzcyUzRCUyMmJ0bl8xJTIwYnRuLWZ1bGwlMjBzcXVhcmUlMjBidG4tYWdlbmRhJTIyJTIwaHJlZiUzRCUyMiUyRmZyJTJGYWdlbmRhJTIyJTNFQWdlbmRhJTNDJTJGYSUzRSUzQyUyRmRpdiUzRSUwQSUzQ2RpdiUyMGNsYXNzJTNEJTIyY29sLW1kLTMlMjBjb2x1bW4lMjB1aS1zb3J0YWJsZSUyMiUzRSUzQ2ElMjBjbGFzcyUzRCUyMmJ0bl8xJTIwYnRuLWZ1bGwlMjBzcXVhcmUlMjBidG4tY2xpbWElMjIlMjBocmVmJTNEJTIyJTJGZnIlMkZjbGltYSUyMiUzRU0lQzMlQTl0JUMzJUE5byUzQyUyRmElM0UlM0MlMkZkaXYlM0UlMEElM0NkaXYlMjBjbGFzcyUzRCUyMmNvbC1tZC0zJTIwY29sdW1uJTIwdWktc29ydGFibGUlMjIlM0UlM0NhJTIwY2xhc3MlM0QlMjJidG5fMSUyMGJ0bi1mdWxsJTIwc3F1YXJlJTIwYnRuLWFsbG90amFtZW50JTIyJTIwaHJlZiUzRCUyMiUyRmZyJTJGYWxsb3RqYW1lbnQlMjIlM0VIJUMzJUE5YiVDMyVBOXJnZW1lbnQlM0MlMkZhJTNFJTNDJTJGZGl2JTNFJTBBJTNDZGl2JTIwY2xhc3MlM0QlMjJjb2wtbWQtMyUyMGNvbHVtbiUyMHVpLXNvcnRhYmxlJTIyJTNFJTNDYSUyMGNsYXNzJTNEJTIyYnRuXzElMjBidG4tZnVsbCUyMHNxdWFyZSUyMGJ0bi1jb21lcmMlMjIlMjBocmVmJTNEJTIyJTJGZnIlMkZjb21lcmMtYS1jYW1icmlscyUyMiUzRUNvbW1lcmNlJTNDJTJGYSUzRSUzQyUyRmRpdiUzRSUwQSUzQyUyRmRpdiUzRSUwQSUzQ2RpdiUyMGNsYXNzJTNEJTIycm93JTIwY29udGFpbmVyJTIyJTNFJTBBJTNDZGl2JTIwY2xhc3MlM0QlMjJjb2wtbWQtNiUyMGNvbHVtbiUyMHVpLXNvcnRhYmxlJTIyJTNFJTNDYSUyMGNsYXNzJTNEJTIyYnRuXzElMjBidG4tZnVsbCUyMHNxdWFyZSUyMGJ0bi1tYXJpdGltJTIyJTIwaHJlZiUzRCUyMiUyRmZyJTJGYmFycmlzLWktdmlsZXMtbWFyaW5lcmVzJTIyJTNFUXVhcnRpZXIlMjBNYXJpbiUzQyUyRmElM0UlM0MlMkZkaXYlM0UlMEElM0NkaXYlMjBjbGFzcyUzRCUyMmNvbC1tZC02JTIwY29sdW1uJTIwdWktc29ydGFibGUlMjIlM0UlM0NhJTIwY2xhc3MlM0QlMjJidG5fMSUyMGJ0bi1mdWxsJTIwc3F1YXJlJTIwYnRuLWFudGljJTIyJTIwaHJlZiUzRCUyMiUyRmZyJTJGZWwtYmFycmktYW50aWMlMjIlM0VRdWFydGllciUyMEFuY2llbiUzQyUyRmElM0UlM0MlMkZkaXYlM0UlMEElM0MlMkZkaXYlM0UlMEE=[\/vc_raw_html][\/vc_column][\/vc_row][vc_row is_container=\u00a0\u00bbyes\u00a0\u00bb el_class=\u00a0\u00bbmargin_60_exc\u00a0\u00bb css=\u00a0\u00bb.vc_custom_1509627613483{padding-bottom: 0px !important;}\u00a0\u00bb][vc_column][vc_column_text]<\/p>\n<div class=\"main_title\">\n<h2>Les meilleures <b>exp\u00e9riences<\/b> \u00e0 Cambrils<\/h2>\n<\/div>\n<p>[\/vc_column_text]<div class=\"tour-list row add-clearfix\"><div class=\"col-md-4 col-sm-6 wow zoomIn\" data-wow-delay=\"0.1s\">\t<div class=\"tour_container\">\n\t\t<div class=\"img_container\">\n\t\t\t<a href=\"https:\/\/cambrils-turisme.com\/fr\/experiencies\/visita-al-parc-sama-cata-de-vermut\/\">\n\t\t\t<img width=\"400\" height=\"267\" src=\"https:\/\/cambrils-turisme.com\/wp-content\/uploads\/2024\/07\/cata-vermut-parc-sama-400x267.jpg\" class=\"attachment-ct-list-thumb size-ct-list-thumb wp-post-image\" alt=\"\" loading=\"lazy\" srcset=\"https:\/\/cambrils-turisme.com\/wp-content\/uploads\/2024\/07\/cata-vermut-parc-sama-400x267.jpg 400w, https:\/\/cambrils-turisme.com\/wp-content\/uploads\/2024\/07\/cata-vermut-parc-sama-391x260.jpg 391w\" sizes=\"(max-width: 400px) 100vw, 400px\" \/>\t\t\t<!-- <div class=\"ribbon top_rated\"><\/div> -->\n\t\t\t<div class=\"short_info\">\n\t\t\t\t<i class=\"icon-restaurant\"><\/i>Gastronomiques\t\t\t\t<span class=\"pre-price\">                    <span class=\"desde\">De <\/span> \n                    <span class=\"price\"><span>12<sup><\/sup><\/span><\/span>\n\t\t\t\t\t\t\t<\/span>\n\t\t\t<\/div>\n\t\t\t<\/a>\n\t\t<\/div>\n\t\t<div class=\"tour_title\">\n\t\t\t<h3>Visite au Parc Sam\u00e0 + D\u00e9gustation de Vermouth<\/h3>\n\t\t\t<div class=\"rating\">\n\t\t\t\t<i class=\"icon-smile\"><\/i><i class=\"icon-smile\"><\/i><i class=\"icon-smile\"><\/i><i class=\"icon-smile\"><\/i><i class=\"icon-smile\"><\/i><small>(0)<\/small>\n\t\t\t<\/div><!-- end rating -->\n\t\t\t\t\t<\/div>\n\t<\/div><!-- End box tour -->\n<\/div><!-- End col-md-6 --><div class=\"col-md-4 col-sm-6 wow zoomIn\" data-wow-delay=\"0.1s\">\t<div class=\"tour_container\">\n\t\t<div class=\"img_container\">\n\t\t\t<a href=\"https:\/\/cambrils-turisme.com\/fr\/experiencies\/train-touristique-de-cambrils\/\">\n\t\t\t<img width=\"400\" height=\"267\" src=\"https:\/\/cambrils-turisme.com\/wp-content\/uploads\/2025\/07\/IMG_20250725_173802932_HDR-1-400x267.jpg\" class=\"attachment-ct-list-thumb size-ct-list-thumb wp-post-image\" alt=\"\" loading=\"lazy\" srcset=\"https:\/\/cambrils-turisme.com\/wp-content\/uploads\/2025\/07\/IMG_20250725_173802932_HDR-1-400x267.jpg 400w, https:\/\/cambrils-turisme.com\/wp-content\/uploads\/2025\/07\/IMG_20250725_173802932_HDR-1-391x260.jpg 391w\" sizes=\"(max-width: 400px) 100vw, 400px\" \/>\t\t\t<!-- <div class=\"ribbon top_rated\"><\/div> -->\n\t\t\t<div class=\"short_info\">\n\t\t\t\t<i class=\"icon-camera-3\"><\/i>Vieille Ville\t\t\t\t<span class=\"pre-price\">                    <span class=\"desde\">De <\/span> \n                    <span class=\"price\"><span>5<sup><\/sup><\/span><\/span>\n\t\t\t\t\t\t\t<\/span>\n\t\t\t<\/div>\n\t\t\t<\/a>\n\t\t<\/div>\n\t\t<div class=\"tour_title\">\n\t\t\t<h3>Le TRAIN TOURISTIQUE de Cambrils<\/h3>\n\t\t\t<div class=\"rating\">\n\t\t\t\t<i class=\"icon-smile\"><\/i><i class=\"icon-smile\"><\/i><i class=\"icon-smile\"><\/i><i class=\"icon-smile\"><\/i><i class=\"icon-smile\"><\/i><small>(0)<\/small>\n\t\t\t<\/div><!-- end rating -->\n\t\t\t\t\t<\/div>\n\t<\/div><!-- End box tour -->\n<\/div><!-- End col-md-6 --><div class=\"col-md-4 col-sm-6 wow zoomIn\" data-wow-delay=\"0.1s\">\t<div class=\"tour_container\">\n\t\t<div class=\"img_container\">\n\t\t\t<a href=\"https:\/\/cambrils-turisme.com\/fr\/experiencies\/des-excursions-en-grands-catamarans\/\">\n\t\t\t<img width=\"400\" height=\"267\" src=\"https:\/\/cambrils-turisme.com\/wp-content\/uploads\/2018\/06\/OCEANFLY3H1-400x267.jpg\" class=\"attachment-ct-list-thumb size-ct-list-thumb wp-post-image\" alt=\"\" loading=\"lazy\" \/>\t\t\t<!-- <div class=\"ribbon top_rated\"><\/div> -->\n\t\t\t<div class=\"short_info\">\n\t\t\t\t\t\t\t\t<span class=\"pre-price\">                    <span class=\"desde\">De <\/span> \n                    <span class=\"price\"><span>41<sup><\/sup><\/span><\/span>\n\t\t\t\t\t\t\t<\/span>\n\t\t\t<\/div>\n\t\t\t<\/a>\n\t\t<\/div>\n\t\t<div class=\"tour_title\">\n\t\t\t<h3>DES EXCURSIONS EN GRANDS CATAMARANS<\/h3>\n\t\t\t<div class=\"rating\">\n\t\t\t\t<i class=\"icon-smile\"><\/i><i class=\"icon-smile\"><\/i><i class=\"icon-smile\"><\/i><i class=\"icon-smile\"><\/i><i class=\"icon-smile\"><\/i><small>(0)<\/small>\n\t\t\t<\/div><!-- end rating -->\n\t\t\t\t\t<\/div>\n\t<\/div><!-- End box tour -->\n<\/div><!-- End col-md-6 --><div class=\"col-md-4 col-sm-6 wow zoomIn\" data-wow-delay=\"0.1s\">\t<div class=\"tour_container\">\n\t\t<div class=\"img_container\">\n\t\t\t<a href=\"https:\/\/cambrils-turisme.com\/fr\/experiencies\/visita-al-parc-sama-tast-doli-oliva-2\/\">\n\t\t\t<img width=\"400\" height=\"267\" src=\"https:\/\/cambrils-turisme.com\/wp-content\/uploads\/2024\/07\/Pic-Nic-Parc-Sama-400x267.jpg\" class=\"attachment-ct-list-thumb size-ct-list-thumb wp-post-image\" alt=\"\" loading=\"lazy\" srcset=\"https:\/\/cambrils-turisme.com\/wp-content\/uploads\/2024\/07\/Pic-Nic-Parc-Sama-400x267.jpg 400w, https:\/\/cambrils-turisme.com\/wp-content\/uploads\/2024\/07\/Pic-Nic-Parc-Sama-391x260.jpg 391w\" sizes=\"(max-width: 400px) 100vw, 400px\" \/>\t\t\t<!-- <div class=\"ribbon top_rated\"><\/div> -->\n\t\t\t<div class=\"short_info\">\n\t\t\t\t<i class=\" icon-group\"><\/i>En famille\t\t\t\t<span class=\"pre-price\">                    <span class=\"desde\">De <\/span> \n                    <span class=\"price\"><span>12<sup><\/sup><\/span><\/span>\n\t\t\t\t\t\t\t<\/span>\n\t\t\t<\/div>\n\t\t\t<\/a>\n\t\t<\/div>\n\t\t<div class=\"tour_title\">\n\t\t\t<h3>Visite au Parc Sam\u00e0 + Pique-nique<\/h3>\n\t\t\t<div class=\"rating\">\n\t\t\t\t<i class=\"icon-smile\"><\/i><i class=\"icon-smile\"><\/i><i class=\"icon-smile\"><\/i><i class=\"icon-smile\"><\/i><i class=\"icon-smile\"><\/i><small>(0)<\/small>\n\t\t\t<\/div><!-- end rating -->\n\t\t\t\t\t<\/div>\n\t<\/div><!-- End box tour -->\n<\/div><!-- End col-md-6 --><div class=\"col-md-4 col-sm-6 wow zoomIn\" data-wow-delay=\"0.1s\">\t<div class=\"tour_container\">\n\t\t<div class=\"img_container\">\n\t\t\t<a href=\"https:\/\/cambrils-turisme.com\/fr\/experiencies\/gymkhana-familiale-a-cambrils\/\">\n\t\t\t<img width=\"1\" height=\"1\" src=\"https:\/\/cambrils-turisme.com\/wp-content\/uploads\/2021\/03\/POST.jpg\" class=\"attachment-ct-list-thumb size-ct-list-thumb wp-post-image\" alt=\"Gymkhana Familiale \u00e0 Cambrils\" loading=\"lazy\" \/>\t\t\t<!-- <div class=\"ribbon top_rated\"><\/div> -->\n\t\t\t<div class=\"short_info\">\n\t\t\t\t\t\t\t\t<span class=\"pre-price\">Gratis<br\/><\/span>\n\t\t\t<\/div>\n\t\t\t<\/a>\n\t\t<\/div>\n\t\t<div class=\"tour_title\">\n\t\t\t<h3>Gymkhana Familiale \u00e0 Cambrils<\/h3>\n\t\t\t<div class=\"rating\">\n\t\t\t\t<i class=\"icon-smile\"><\/i><i class=\"icon-smile\"><\/i><i class=\"icon-smile\"><\/i><i class=\"icon-smile\"><\/i><i class=\"icon-smile\"><\/i><small>(0)<\/small>\n\t\t\t<\/div><!-- end rating -->\n\t\t\t\t\t<\/div>\n\t<\/div><!-- End box tour -->\n<\/div><!-- End col-md-6 --><div class=\"col-md-4 col-sm-6 wow zoomIn\" data-wow-delay=\"0.1s\">\t<div class=\"tour_container\">\n\t\t<div class=\"img_container\">\n\t\t\t<a href=\"https:\/\/cambrils-turisme.com\/fr\/experiencies\/itineraire-familial-a-travers-les-parcs-pour-enfants-a-cambrils\/\">\n\t\t\t<img width=\"1\" height=\"1\" src=\"https:\/\/cambrils-turisme.com\/wp-content\/uploads\/2021\/03\/IMG_0149Enq.jpg\" class=\"attachment-ct-list-thumb size-ct-list-thumb wp-post-image\" alt=\"Itin\u00e9raire familial \u00e0 travers les parcs pour enfants \u00e0 Cambrils\" loading=\"lazy\" \/>\t\t\t<!-- <div class=\"ribbon top_rated\"><\/div> -->\n\t\t\t<div class=\"short_info\">\n\t\t\t\t<i class=\"icon-bicycle\"><\/i>Cyclotourisme\t\t\t\t<span class=\"pre-price\">Gratis<br\/><\/span>\n\t\t\t<\/div>\n\t\t\t<\/a>\n\t\t<\/div>\n\t\t<div class=\"tour_title\">\n\t\t\t<h3>Itin\u00e9raire familial \u00e0 travers les parcs pour enfants \u00e0 Cambrils<\/h3>\n\t\t\t<div class=\"rating\">\n\t\t\t\t<i class=\"icon-smile\"><\/i><i class=\"icon-smile\"><\/i><i class=\"icon-smile\"><\/i><i class=\"icon-smile\"><\/i><i class=\"icon-smile\"><\/i><small>(0)<\/small>\n\t\t\t<\/div><!-- end rating -->\n\t\t\t\t\t<\/div>\n\t<\/div><!-- End box tour -->\n<\/div><!-- End col-md-6 --><div class=\"col-md-4 col-sm-6 wow zoomIn\" data-wow-delay=\"0.1s\">\t<div class=\"tour_container\">\n\t\t<div class=\"img_container\">\n\t\t\t<a href=\"https:\/\/cambrils-turisme.com\/fr\/experiencies\/ferry-boats\/\">\n\t\t\t<img width=\"400\" height=\"267\" src=\"https:\/\/cambrils-turisme.com\/wp-content\/uploads\/2018\/06\/excursion-entre-cambrils-y-salou-dorimar-encd-4-400x267.jpg\" class=\"attachment-ct-list-thumb size-ct-list-thumb wp-post-image\" alt=\"\" loading=\"lazy\" \/>\t\t\t<!-- <div class=\"ribbon top_rated\"><\/div> -->\n\t\t\t<div class=\"short_info\">\n\t\t\t\t\t\t\t\t<span class=\"pre-price\">                    <span class=\"desde\">De <\/span> \n                    <span class=\"price\"><span>13<sup><\/sup><\/span><\/span>\n\t\t\t\t\t\t\t<\/span>\n\t\t\t<\/div>\n\t\t\t<\/a>\n\t\t<\/div>\n\t\t<div class=\"tour_title\">\n\t\t\t<h3>FERRY-BOATS de Cambrils<\/h3>\n\t\t\t<div class=\"rating\">\n\t\t\t\t<i class=\"icon-smile\"><\/i><i class=\"icon-smile\"><\/i><i class=\"icon-smile\"><\/i><i class=\"icon-smile\"><\/i><i class=\"icon-smile\"><\/i><small>(0)<\/small>\n\t\t\t<\/div><!-- end rating -->\n\t\t\t\t\t<\/div>\n\t<\/div><!-- End box tour -->\n<\/div><!-- End col-md-6 --><div class=\"col-md-4 col-sm-6 wow zoomIn\" data-wow-delay=\"0.1s\">\t<div class=\"tour_container\">\n\t\t<div class=\"img_container\">\n\t\t\t<a href=\"https:\/\/cambrils-turisme.com\/fr\/experiencies\/la-voie-cyclable-de-cambrils\/\">\n\t\t\t<img width=\"400\" height=\"186\" src=\"https:\/\/cambrils-turisme.com\/wp-content\/uploads\/2019\/11\/IMG_0087-0088-400x186.jpg\" class=\"attachment-ct-list-thumb size-ct-list-thumb wp-post-image\" alt=\"Carrils Bici a Cambrils\" loading=\"lazy\" \/>\t\t\t<!-- <div class=\"ribbon top_rated\"><\/div> -->\n\t\t\t<div class=\"short_info\">\n\t\t\t\t\t\t\t\t<span class=\"pre-price\">Gratis<br\/><\/span>\n\t\t\t<\/div>\n\t\t\t<\/a>\n\t\t<\/div>\n\t\t<div class=\"tour_title\">\n\t\t\t<h3>La Voie Cyclable de Cambrils<\/h3>\n\t\t\t<div class=\"rating\">\n\t\t\t\t<i class=\"icon-smile\"><\/i><i class=\"icon-smile\"><\/i><i class=\"icon-smile\"><\/i><i class=\"icon-smile\"><\/i><i class=\"icon-smile\"><\/i><small>(0)<\/small>\n\t\t\t<\/div><!-- end rating -->\n\t\t\t\t\t<\/div>\n\t<\/div><!-- End box tour -->\n<\/div><!-- End col-md-6 --><div class=\"col-md-4 col-sm-6 wow zoomIn\" data-wow-delay=\"0.1s\">\t<div class=\"tour_container\">\n\t\t<div class=\"img_container\">\n\t\t\t<a href=\"https:\/\/cambrils-turisme.com\/fr\/experiencies\/portaventura-world\/\">\n\t\t\t<img width=\"400\" height=\"267\" src=\"https:\/\/cambrils-turisme.com\/wp-content\/uploads\/2018\/10\/PortAventura-World-ParksResort-Brand-Master_PANTONE_FONDO_CLARO-400x267.jpg\" class=\"attachment-ct-list-thumb size-ct-list-thumb wp-post-image\" alt=\"PORTAVENTURA WORLD\" loading=\"lazy\" \/>\t\t\t<!-- <div class=\"ribbon top_rated\"><\/div> -->\n\t\t\t<div class=\"short_info\">\n\t\t\t\t\t\t\t\t<span class=\"pre-price\">                    <span class=\"desde\">De <\/span> \n                    <span class=\"price\"><span>50<sup><\/sup><\/span><\/span>\n\t\t\t\t\t\t\t<\/span>\n\t\t\t<\/div>\n\t\t\t<\/a>\n\t\t<\/div>\n\t\t<div class=\"tour_title\">\n\t\t\t<h3>PORTAVENTURA WORLD<\/h3>\n\t\t\t<div class=\"rating\">\n\t\t\t\t<i class=\"icon-smile\"><\/i><i class=\"icon-smile\"><\/i><i class=\"icon-smile\"><\/i><i class=\"icon-smile\"><\/i><i class=\"icon-smile\"><\/i><small>(0)<\/small>\n\t\t\t<\/div><!-- end rating -->\n\t\t\t\t\t<\/div>\n\t<\/div><!-- End box tour -->\n<\/div><!-- End col-md-6 --><\/div>[vc_column_text]<\/p>\n<p class=\"text-center add_bottom_30\"><a class=\"btn_1 medium\" href=\"\/experiencies\"><i class=\"icon-eye-7\"><\/i>Voir toutes les exp\u00e9riences<\/a><\/p>\n<p>[\/vc_column_text][\/vc_column][\/vc_row][vc_row][vc_column][vc_empty_space][vc_row_inner el_class=\u00a0\u00bbcontainer\u00a0\u00bb][vc_column_inner][\/vc_column_inner][\/vc_row_inner][vc_empty_space]<section class=\"parallax-window\" data-parallax=\"scroll\" data-image-src=\"https:\/\/cambrils-turisme.com\/wp-content\/uploads\/2021\/01\/Sin-t\u00edtulo-1.jpg\" data-natural-width=\"1400\" data-natural-height=\"800\"><div class=\"parallax-content-1 magnific\">[vc_raw_html]JTNDZGl2JTNFJTBBJTIwJTIwJTIwJTIwJTNDaDMlMjBmb250LXdlaWdodCUzQTkwMCUzQiUyMiUzRSUzQ3NwYW4lMjBzdHlsZSUzRCUyMmZvbnQtc2l6ZSUzQTgwcHglM0IlMjIlM0VDYW1icmlscyUzQyUyRnNwYW4lM0UlM0NiciUyRiUzRWF1dGhlbnRpY2ElM0MlMkZoMyUzRSUwQSUyMCUyMCUyMCUwQSUyMCUyMCUyMCUyMCUzQ2ElMjBocmVmJTNEJTIyaHR0cHMlM0ElMkYlMkZ3d3cueW91dHViZS5jb20lMkZ3YXRjaCUzRnYlM0RMSlh2LTZudkVhdyUyMiUyMGNsYXNzJTNEJTIydmlkZW8lMjIlM0UlM0NpJTIwY2xhc3MlM0QlMjJpY29uLXBsYXktY2lyY2xlZDItMSUyMiUzRSUzQyUyRmklM0UlM0MlMkZhJTNFJTBBJTNDJTJGZGl2JTNF[\/vc_raw_html]<\/div><\/section>[\/vc_column][\/vc_row][vc_row][vc_column][vc_column_text]<\/p>\n<p>[\/vc_column_text][\/vc_column][\/vc_row][vc_row][vc_column][vc_empty_space][vc_column_text]<\/p>\n<div class=\"main_title\">\n<h2>Plan <b>interactif<\/b> de Cambrils<\/h2>\n<\/div>\n<p>[\/vc_column_text][vc_empty_space][vc_raw_html]JTNDaWZyYW1lJTIwd2lkdGglM0QlMjIxMDAlMjUlMjIlMjBoZWlnaHQlM0QlMjI4MDAlMjIlMjBzcmMlM0QlMjJodHRwcyUzQSUyRiUyRmNhbWJyaWxzLnZpbmVpZGVzY29icmVpeC5jb20lMjIlMjB0aXRsZSUzRCUyMlZpbmUlMjBpJTIwRGVzY29icmVpeCUyMENhbWJyaWxzJTIyJTIwZnJhbWVib3JkZXIlM0QlMjIwJTIyJTNFJTNDJTJGaWZyYW1lJTNF[\/vc_raw_html][vc_empty_space][\/vc_column][\/vc_row][vc_row][vc_column][vc_column_text]<\/p>\n<p>[\/vc_column_text][\/vc_column][\/vc_row]<\/p>\n","protected":false},"excerpt":{"rendered":"<p>[vc_row][vc_column][vc_column_text] Cambrils, vous va si bien Cambrils c\u2019est la gastronomie, le tourisme en famille, les exp\u00e9riences, le sport et la culture. Cambrils, ce sont ses plages et ses f\u00eates, ses traditions, son peuple\u2026Cambrils c\u2019est beaucoup plus qu\u2019une destination touristique, c\u2019est tout ce que l\u2019on y vit. [\/vc_column_text][vc_raw_html]JTNDZGl2JTIwY2xhc3MlM0QlMjJyb3clMjBjb250YWluZXIlMjIlM0UlMEElM0NkaXYlMjBjbGFzcyUzRCUyMmNvbC1tZC0zJTIwY29sdW1uJTIwdWktc29ydGFibGUlMjIlM0UlM0NhJTIwY2xhc3MlM0QlMjJidG5fMSUyMGJ0bi1mdWxsJTIwc3F1YXJlJTIwYnRuLWdhc3Ryb25vbWlhJTIyJTIwaHJlZiUzRCUyMiUyRmZyJTJGZ2FzdHJvbm9taWElMjIlM0VHYXN0cm9ub21pZSUzQyUyRmElM0UlM0MlMkZkaXYlM0UlMEElM0NkaXYlMjBjbGFzcyUzRCUyMmNvbC1tZC0zJTIwY29sdW1uJTIwdWktc29ydGFibGUlMjIlM0UlM0NhJTIwY2xhc3MlM0QlMjJidG5fMSUyMGJ0bi1mdWxsJTIwc3F1YXJlJTIwYnRuLXBsYXRnZXMlMjIlMjBocmVmJTNEJTIyJTJGZnIlMkZwbGF0Z2VzJTIyJTNFUGxhZ2VzJTNDJTJGYSUzRSUzQyUyRmRpdiUzRSUwQSUzQ2RpdiUyMGNsYXNzJTNEJTIyY29sLW1kLTMlMjBjb2x1bW4lMjB1aS1zb3J0YWJsZSUyMiUzRSUzQ2ElMjBjbGFzcyUzRCUyMmJ0bl8xJTIwYnRuLWZ1bGwlMjBzcXVhcmUlMjBidG4tZXNwb3J0cyUyMiUyMGhyZWYlM0QlMjIlMkZmciUyRmVzcG9ydHMlMjIlM0VTcG9ydHMlM0MlMkZhJTNFJTNDJTJGZGl2JTNFJTBBJTNDZGl2JTIwY2xhc3MlM0QlMjJjb2wtbWQtMyUyMGNvbHVtbiUyMHVpLXNvcnRhYmxlJTIyJTNFJTNDYSUyMGNsYXNzJTNEJTIyYnRuXzElMjBidG4tZnVsbCUyMHNxdWFyZSUyMGJ0bi1mYW1pbGlhJTIyJTIwaHJlZiUzRCUyMiUyRmZyJTJGZW4tZmFtaWxpYSUyMiUzRUVuJTIwZmFtaWxsZSUzQyUyRmElM0UlM0MlMkZkaXYlM0UlMEElM0MlMkZkaXYlM0UlMEElM0NkaXYlMjBjbGFzcyUzRCUyMnJvdyUyMGNvbnRhaW5lciUyMiUzRSUwQSUzQ2RpdiUyMGNsYXNzJTNEJTIyY29sLW1kLTMlMjBjb2x1bW4lMjB1aS1zb3J0YWJsZSUyMiUzRSUzQ2ElMjBjbGFzcyUzRCUyMmJ0bl8xJTIwYnRuLWZ1bGwlMjBzcXVhcmUlMjBidG4tYWdlbmRhJTIyJTIwaHJlZiUzRCUyMiUyRmZyJTJGYWdlbmRhJTIyJTNFQWdlbmRhJTNDJTJGYSUzRSUzQyUyRmRpdiUzRSUwQSUzQ2RpdiUyMGNsYXNzJTNEJTIyY29sLW1kLTMlMjBjb2x1bW4lMjB1aS1zb3J0YWJsZSUyMiUzRSUzQ2ElMjBjbGFzcyUzRCUyMmJ0bl8xJTIwYnRuLWZ1bGwlMjBzcXVhcmUlMjBidG4tY2xpbWElMjIlMjBocmVmJTNEJTIyJTJGZnIlMkZjbGltYSUyMiUzRU0lQzMlQTl0JUMzJUE5byUzQyUyRmElM0UlM0MlMkZkaXYlM0UlMEElM0NkaXYlMjBjbGFzcyUzRCUyMmNvbC1tZC0zJTIwY29sdW1uJTIwdWktc29ydGFibGUlMjIlM0UlM0NhJTIwY2xhc3MlM0QlMjJidG5fMSUyMGJ0bi1mdWxsJTIwc3F1YXJlJTIwYnRuLWFsbG90amFtZW50JTIyJTIwaHJlZiUzRCUyMiUyRmZyJTJGYWxsb3RqYW1lbnQlMjIlM0VIJUMzJUE5YiVDMyVBOXJnZW1lbnQlM0MlMkZhJTNFJTNDJTJGZGl2JTNFJTBBJTNDZGl2JTIwY2xhc3MlM0QlMjJjb2wtbWQtMyUyMGNvbHVtbiUyMHVpLXNvcnRhYmxlJTIyJTNFJTNDYSUyMGNsYXNzJTNEJTIyYnRuXzElMjBidG4tZnVsbCUyMHNxdWFyZSUyMGJ0bi1jb21lcmMlMjIlMjBocmVmJTNEJTIyJTJGZnIlMkZjb21lcmMtYS1jYW1icmlscyUyMiUzRUNvbW1lcmNlJTNDJTJGYSUzRSUzQyUyRmRpdiUzRSUwQSUzQyUyRmRpdiUzRSUwQSUzQ2RpdiUyMGNsYXNzJTNEJTIycm93JTIwY29udGFpbmVyJTIyJTNFJTBBJTNDZGl2JTIwY2xhc3MlM0QlMjJjb2wtbWQtNiUyMGNvbHVtbiUyMHVpLXNvcnRhYmxlJTIyJTNFJTNDYSUyMGNsYXNzJTNEJTIyYnRuXzElMjBidG4tZnVsbCUyMHNxdWFyZSUyMGJ0bi1tYXJpdGltJTIyJTIwaHJlZiUzRCUyMiUyRmZyJTJGYmFycmlzLWktdmlsZXMtbWFyaW5lcmVzJTIyJTNFUXVhcnRpZXIlMjBNYXJpbiUzQyUyRmElM0UlM0MlMkZkaXYlM0UlMEElM0NkaXYlMjBjbGFzcyUzRCUyMmNvbC1tZC02JTIwY29sdW1uJTIwdWktc29ydGFibGUlMjIlM0UlM0NhJTIwY2xhc3MlM0QlMjJidG5fMSUyMGJ0bi1mdWxsJTIwc3F1YXJlJTIwYnRuLWFudGljJTIyJTIwaHJlZiUzRCUyMiUyRmZyJTJGZWwtYmFycmktYW50aWMlMjIlM0VRdWFydGllciUyMEFuY2llbiUzQyUyRmElM0UlM0MlMkZkaXYlM0UlMEElM0MlMkZkaXYlM0UlMEE=[\/vc_raw_html][\/vc_column][\/vc_row][vc_row is_container=\u00a0\u00bbyes\u00a0\u00bb el_class=\u00a0\u00bbmargin_60_exc\u00a0\u00bb css=\u00a0\u00bb.vc_custom_1509627613483{padding-bottom: 0px !important;}\u00a0\u00bb][vc_column][vc_column_text] Les meilleures exp\u00e9riences [&hellip;]<\/p>\n","protected":false},"author":3,"featured_media":0,"parent":0,"menu_order":0,"comment_status":"closed","ping_status":"closed","template":"templates\/template-full-width.php","meta":[],"acf":[],"_links":{"self":[{"href":"https:\/\/cambrils-turisme.com\/fr\/wp-json\/wp\/v2\/pages\/4948"}],"collection":[{"href":"https:\/\/cambrils-turisme.com\/fr\/wp-json\/wp\/v2\/pages"}],"about":[{"href":"https:\/\/cambrils-turisme.com\/fr\/wp-json\/wp\/v2\/types\/page"}],"author":[{"embeddable":true,"href":"https:\/\/cambrils-turisme.com\/fr\/wp-json\/wp\/v2\/users\/3"}],"replies":[{"embeddable":true,"href":"https:\/\/cambrils-turisme.com\/fr\/wp-json\/wp\/v2\/comments?post=4948"}],"version-history":[{"count":47,"href":"https:\/\/cambrils-turisme.com\/fr\/wp-json\/wp\/v2\/pages\/4948\/revisions"}],"predecessor-version":[{"id":137611,"href":"https:\/\/cambrils-turisme.com\/fr\/wp-json\/wp\/v2\/pages\/4948\/revisions\/137611"}],"wp:attachment":[{"href":"https:\/\/cambrils-turisme.com\/fr\/wp-json\/wp\/v2\/media?parent=4948"}],"curies":[{"name":"wp","href":"https:\/\/api.w.org\/{rel}","templated":true}]}}