{"id":48269,"date":"2020-05-08T11:47:30","date_gmt":"2020-05-08T11:47:30","guid":{"rendered":"https:\/\/cambrils-turisme.com\/?page_id=48269"},"modified":"2024-07-08T10:07:41","modified_gmt":"2024-07-08T10:07:41","slug":"plages-2","status":"publish","type":"page","link":"https:\/\/cambrils-turisme.com\/fr\/plages-2\/","title":{"rendered":"Plages"},"content":{"rendered":"<p>[vc_row][vc_column width=\u00a0\u00bb1\/4&Prime;]<a href=\"http:\/\/interior.gencat.cat\/platges.visor\" class=\"btn_1 btn-full  boton-menu-landing\" target=\"_blank\">\u00c9tat des Plages<\/a>[\/vc_column][vc_column width=\u00a0\u00bb1\/4&Prime;]<a href=\"https:\/\/cambrils-turisme.com\/clima\/\" class=\"btn_1 btn-full  boton-menu-landing\" target=\"_blank\">La M\u00e9teo Live<\/a>[\/vc_column][vc_column width=\u00a0\u00bb1\/4&Prime;]<a href=\"#platges\" class=\"btn_1 btn-full  boton-menu-landing\" target=\"_self\">Les Plages<\/a>[\/vc_column][vc_column width=\u00a0\u00bb1\/4&Prime;]<a href=\"#mapa\" class=\"btn_1 btn-full  boton-menu-landing\" target=\"_self\">Plan des Plages<\/a>[\/vc_column][\/vc_row][vc_row][vc_column width=\u00a0\u00bb1\/2&Prime; offset=\u00a0\u00bbvc_hidden-sm vc_hidden-xs\u00a0\u00bb][vc_empty_space][vc_single_image image=\u00a0\u00bb31492&Prime; img_size=\u00a0\u00bbfull\u00a0\u00bb el_class=\u00a0\u00bbimatge-platges\u00a0\u00bb][\/vc_column][vc_column width=\u00a0\u00bb1\/2&Prime;][vc_column_text]<\/p>\n<div class=\"main_title\">\n<h2><\/h2>\n<h2>Pourquoi ne pas aller <b>\u00e0 la plage ensemble<\/b><\/h2>\n<\/div>\n<p>C\u2019est l\u2019un de nos meilleurs attraits et sans doute l\u2019un des plus appr\u00e9ci\u00e9s. Des plages o\u00f9 vous pouvez jouir du merveilleux climat m\u00e9diterran\u00e9en.<br \/>\nLes plages de Cambrils s\u2019\u00e9tendent sur une longueur de 9km de sable fin et dor\u00e9. Des plages avec des pentes douces d\u2019entr\u00e9e dans la mer, des eaux calmes et peu profondes, une orographie qui en fait des plages tr\u00e8s s\u00fbres pour y aller avec les plus petits.<\/p>\n<p>Des plages d\u2019une qualit\u00e9 exceptionnelle, comme le prouve le fait que chaque ann\u00e9e elles sont distingu\u00e9es avec le Pavillon Bleu. Ce n\u2019est pas seulement la qualit\u00e9 de l\u2019eau qui est \u00e9valu\u00e9e, ce sont aussi les services qui y sont offerts et l\u00e0 Cambrils excelle, vous y trouverez m\u00eame une plage o\u00f9 les chiens sont bienvenus!<\/p>\n<p>De plus, en parall\u00e8le \u00e0 nos plages se trouve la Promenade Maritime, o\u00f9 vous pouvez jouir, \u00e0 pied ou \u00e0 v\u00e9lo, du calme et du paysage du littoral de Cambrils.<\/p>\n<p>[\/vc_column_text][\/vc_column][\/vc_row][vc_row el_id=\u00a0\u00bbplatges\u00a0\u00bb][vc_column][vc_empty_space][vc_column_text]<\/p>\n<div class=\"main_title\">\n<h2><\/h2>\n<h2>Plages <b>de Cambrils<\/b><\/h2>\n<\/div>\n<p>[\/vc_column_text][vc_empty_space][vc_basic_grid post_type=\u00a0\u00bbpost\u00a0\u00bb max_items=\u00a0\u00bb9&Prime; item=\u00a0\u00bb797&Prime; grid_id=\u00a0\u00bbvc_gid:1720433241083-fb81e03d-0673-1&Prime; taxonomies=\u00a0\u00bb48&Prime; exclude=\u00a0\u00bb11490, 8034, 5475, 5499&Prime;][\/vc_column][\/vc_row]<\/p>\n","protected":false},"excerpt":{"rendered":"<p>[vc_row][vc_column width=\u00a0\u00bb1\/4&Prime;][\/vc_column][vc_column width=\u00a0\u00bb1\/4&Prime;][\/vc_column][vc_column width=\u00a0\u00bb1\/4&Prime;][\/vc_column][vc_column width=\u00a0\u00bb1\/4&Prime;][\/vc_column][\/vc_row][vc_row][vc_column width=\u00a0\u00bb1\/2&Prime; offset=\u00a0\u00bbvc_hidden-sm vc_hidden-xs\u00a0\u00bb][vc_empty_space][vc_single_image image=\u00a0\u00bb31492&Prime; img_size=\u00a0\u00bbfull\u00a0\u00bb el_class=\u00a0\u00bbimatge-platges\u00a0\u00bb][\/vc_column][vc_column width=\u00a0\u00bb1\/2&Prime;][vc_column_text] Pourquoi ne pas aller \u00e0 la plage ensemble C\u2019est l\u2019un de nos meilleurs attraits et sans doute l\u2019un des plus appr\u00e9ci\u00e9s. Des plages o\u00f9 vous pouvez jouir du merveilleux climat m\u00e9diterran\u00e9en. Les plages de Cambrils s\u2019\u00e9tendent sur une longueur de 9km de sable [&hellip;]<\/p>\n","protected":false},"author":7,"featured_media":0,"parent":0,"menu_order":0,"comment_status":"closed","ping_status":"closed","template":"","meta":[],"acf":[],"_links":{"self":[{"href":"https:\/\/cambrils-turisme.com\/fr\/wp-json\/wp\/v2\/pages\/48269"}],"collection":[{"href":"https:\/\/cambrils-turisme.com\/fr\/wp-json\/wp\/v2\/pages"}],"about":[{"href":"https:\/\/cambrils-turisme.com\/fr\/wp-json\/wp\/v2\/types\/page"}],"author":[{"embeddable":true,"href":"https:\/\/cambrils-turisme.com\/fr\/wp-json\/wp\/v2\/users\/7"}],"replies":[{"embeddable":true,"href":"https:\/\/cambrils-turisme.com\/fr\/wp-json\/wp\/v2\/comments?post=48269"}],"version-history":[{"count":13,"href":"https:\/\/cambrils-turisme.com\/fr\/wp-json\/wp\/v2\/pages\/48269\/revisions"}],"predecessor-version":[{"id":137532,"href":"https:\/\/cambrils-turisme.com\/fr\/wp-json\/wp\/v2\/pages\/48269\/revisions\/137532"}],"wp:attachment":[{"href":"https:\/\/cambrils-turisme.com\/fr\/wp-json\/wp\/v2\/media?parent=48269"}],"curies":[{"name":"wp","href":"https:\/\/api.w.org\/{rel}","templated":true}]}}