{"id":7398,"date":"2019-06-03T16:09:35","date_gmt":"2019-06-03T16:09:35","guid":{"rendered":"https:\/\/cambrils-turisme.com\/informacio-addicional-rgpdue\/"},"modified":"2020-01-08T14:08:51","modified_gmt":"2020-01-08T14:08:51","slug":"informacion-adicional-rgpdue","status":"publish","type":"page","link":"https:\/\/cambrils-turisme.com\/es\/informacion-adicional-rgpdue\/","title":{"rendered":"+ Info protecci\u00f3n de datos personales"},"content":{"rendered":"<h3>1. Responsable del tratamiento<\/h3>\n<p><strong>1.1 Identificaci\u00f3n y contacto del Responsable de Tratamiento.<\/strong><\/p>\n<p>PATRONAT MUNICIPAL DE TURISME DE CAMBRILS<br \/>\nPasseig de les Palmeres, 1 &#8211; 43850 CAMBRILS<br \/>\nP9303801F<br \/>\n977 79 23 07<\/p>\n<p><strong>1.2 Contacto del DPD<\/strong><br \/>\nprotecciodedades@cambrils.org<\/p>\n<h3>2. Finalidades del tratamiento<\/h3>\n<p><strong>2.1 Descripci\u00f3n del tratamiento<\/strong><br \/>\nLas finalidades que quedan identificadas en las cl\u00e1usulas de consentimiento a pie de cada formulario. Siendo\u00a0 espec\u00edficas para la finalidad que se detalla.<\/p>\n<p><strong>2.2 Per\u00edodo de conservaci\u00f3n<\/strong><br \/>\nLa previsi\u00f3n legal que obliga a conservarlas por razones fiscales y contables, y conservarlas para tenerlas a disposici\u00f3n de una entidad p\u00fablica competente. No obstante, podr\u00e1n conservarse m\u00e1s tiempo con fines de archivo hist\u00f3rico o estad\u00edstico, a menos que se ejerza oposici\u00f3n y \/ o cancelaci\u00f3n \u2022 instalaci\u00f3n.<br \/>\nAsimismo depender\u00e1 del que especifique en cada tratamiento de datos personales, y de lo establecido en la normativa de archivos y documentaci\u00f3n.<\/p>\n<h3>3. Destinatarios<\/h3>\n<p><strong>3.1 Destinatario de la cesi\u00f3n<\/strong><br \/>\nSe prev\u00e9 como destinatarios de las cesiones los ENS municipales, patronatos, otros organismos por previsi\u00f3n legal o por el previo consentimiento del interesado.<\/p>\n<p><strong>3.2 Finalidad de la\u00a0<\/strong><b>cesi\u00f3n<\/b><br \/>\n<span style=\"font-weight: 400;\">Se prev\u00e9n cesiones de datos con motivo de colaboraci\u00f3n con los ENS municipales y patronatos por previsi\u00f3n legal.<\/span><\/p>\n<p><b>3.3 Legitimaci\u00f3n\u00a0de la\u00a0cesi\u00f3n<\/b><br \/>\nDe conformidad a la base jur\u00eddica del tratamiento, en los casos de obligaci\u00f3n legal, inter\u00e9s p\u00fablico, la ejecuci\u00f3n de un contrato o inter\u00e9s leg\u00edtimo y del consentimiento del interesado.<\/p>\n<p><strong>3.4 Moviments internacionals de dades<\/strong><br \/>\nSi es produeixen.<\/p>\n<p><strong>3.4 Movimientos internacionales de datos<\/strong><br \/>\nSi se producen.<\/p>\n<p><strong>3.5 Encargados de tratamiento<\/strong><br \/>\n<span style=\"font-weight: 400;\">Los datos podr\u00e1n ser cedidos a proveedores con acceso a datos, con quienes se formalizan las obligaciones y responsabilidades que asumen en el tratamiento de los datos, en calidad de Encargado de Tratamiento.<\/span><\/p>\n<h3>4. Derechos de les persones interesadas<\/h3>\n<p><strong>4.1 <b>\u00bfQu\u00e9 derechos tiene?<\/b><\/strong><\/p>\n<p><span style=\"font-weight: 400;\">Cualquier persona tiene derecho a obtener confirmaci\u00f3n sobre el tratamiento de sus datos personales.<\/span><\/p>\n<p><span style=\"font-weight: 400;\">Las personas interesadas tienen derecho a acceder a sus datos personales, as\u00ed como a solicitar la rectificaci\u00f3n de los datos inexactos, en su caso a solicitar su supresi\u00f3n cuando, entre otros motivos los datos ya no sean necesarios para los fines que fueron recogidos.<\/span><\/p>\n<p><span style=\"font-weight: 400;\">En determinadas circunstancias, los interesados podr\u00e1n solicitar la limitaci\u00f3n del tratamiento de sus datos, en cuyo caso \u00fanicamente los conservaremos para el ejercicio o la defensa de reclamaciones.<\/span><\/p>\n<p><span style=\"font-weight: 400;\">En determinadas circunstancias y por motivos particulares, los interesados podr\u00e1n oponerse al tratamiento de sus datos, siendo este un motivo suficiente para cesar el tratamiento, salvo por motivos leg\u00edtimos o por el ejercicio o defensa de posibles reclamaciones.<\/span><\/p>\n<p><strong>4.2 <b>\u00bfC\u00f3mo puede ejercitarlos?<\/b><\/strong><br \/>\n<span style=\"font-weight: 400;\">Para ejercitar los derechos deber\u00e1 presentar un escrito en la direcci\u00f3n arriba se\u00f1alada o enviar un comunicado al correo electr\u00f3nico <\/span><span style=\"font-weight: 400;\">dpd@cambrils.org<\/span><span style=\"font-weight: 400;\"> .Deber\u00e1 especificar qu\u00e9 derecho solicita le sea satisfecho y, a su vez, deber\u00e1 acompa\u00f1arlo de la fotocopia del DNI o documento identificativo equivalente. En caso de que actuara mediante representante, legal o voluntario, deber\u00e1 aportar tambi\u00e9n documento que acredite la representaci\u00f3n y el documento identificativo del mismo.<\/span><span style=\"font-weight: 400;\"><br \/>\n<\/span><span style=\"font-weight: 400;\">Si quiere disponer de un modelo para ello podr\u00e1:<\/span><span style=\"font-weight: 400;\"><br \/>\n<\/span><span style=\"font-weight: 400;\">Utilizar un modelo oficial de la <span lang=\"CA\">APDCAT:\u00a0<\/span><span lang=\"CA\"><a href=\"https:\/\/apdcat.gencat.cat\/\" target=\"_blank\" rel=\"noopener\" data-saferedirecturl=\"https:\/\/www.google.com\/url?q=https:\/\/apdcat.gencat.cat\/&amp;source=gmail&amp;ust=1571914384225000&amp;usg=AFQjCNG_uA-8c5xrKo5s-14WdbuE2I0JkA\">https:\/\/apdcat.<wbr \/>gencat.cat<\/a>\u00a0 \u00a0\u00a0<\/span><\/span><\/p>\n<p><strong>4.3\u00a0<b>Posibilidad de reclamar ante la AEPD<\/b><\/strong><br \/>\n<span style=\"font-weight: 400;\">Asimismo, le informamos de que cuando no haya obtenido satisfacci\u00f3n en el ejercicio de sus derechos o la forma de ejercerlos podr\u00e1 presentar una reclamaci\u00f3n ante la Autoridad de Control. Si quiere conocer m\u00e1s informaci\u00f3n sobre este derecho y como ejercerlo puede dirigirse a la APDCAT:\u00a0<a href=\"http:\/\/www.apdcat.cat\/\" target=\"_blank\" rel=\"noopener\" data-saferedirecturl=\"https:\/\/www.google.com\/url?q=http:\/\/www.apdcat.cat\/&amp;source=gmail&amp;ust=1571914384225000&amp;usg=AFQjCNFZvGVyhUs_crbWh2Rp_NNMkVgZMA\">http:\/\/www.apdcat.cat\/<\/a>\u00a0Tel. 93 552 78 00 C\/ Rossell\u00f3, 214 Esc. A 1r 1A \u2013 08008 Barcelona.<\/span><\/p>\n","protected":false},"excerpt":{"rendered":"<p>1. Responsable del tratamiento 1.1 Identificaci\u00f3n y contacto del Responsable de Tratamiento. PATRONAT MUNICIPAL DE TURISME DE CAMBRILS Passeig de les Palmeres, 1 &#8211; 43850 CAMBRILS P9303801F 977 79 23 07 1.2 Contacto del DPD protecciodedades@cambrils.org 2. Finalidades del tratamiento 2.1 Descripci\u00f3n del tratamiento Las finalidades que quedan identificadas en las cl\u00e1usulas de consentimiento a [&hellip;]<\/p>\n","protected":false},"author":3,"featured_media":0,"parent":0,"menu_order":0,"comment_status":"closed","ping_status":"closed","template":"","meta":[],"acf":[],"_links":{"self":[{"href":"https:\/\/cambrils-turisme.com\/es\/wp-json\/wp\/v2\/pages\/7398"}],"collection":[{"href":"https:\/\/cambrils-turisme.com\/es\/wp-json\/wp\/v2\/pages"}],"about":[{"href":"https:\/\/cambrils-turisme.com\/es\/wp-json\/wp\/v2\/types\/page"}],"author":[{"embeddable":true,"href":"https:\/\/cambrils-turisme.com\/es\/wp-json\/wp\/v2\/users\/3"}],"replies":[{"embeddable":true,"href":"https:\/\/cambrils-turisme.com\/es\/wp-json\/wp\/v2\/comments?post=7398"}],"version-history":[{"count":4,"href":"https:\/\/cambrils-turisme.com\/es\/wp-json\/wp\/v2\/pages\/7398\/revisions"}],"predecessor-version":[{"id":9070,"href":"https:\/\/cambrils-turisme.com\/es\/wp-json\/wp\/v2\/pages\/7398\/revisions\/9070"}],"wp:attachment":[{"href":"https:\/\/cambrils-turisme.com\/es\/wp-json\/wp\/v2\/media?parent=7398"}],"curies":[{"name":"wp","href":"https:\/\/api.w.org\/{rel}","templated":true}]}}