{"id":7318,"date":"2019-05-21T17:32:36","date_gmt":"2019-05-21T17:32:36","guid":{"rendered":"https:\/\/cambrils-turisme.com\/?page_id=7318"},"modified":"2024-04-02T11:15:21","modified_gmt":"2024-04-02T11:15:21","slug":"politica-de-cookies","status":"publish","type":"page","link":"https:\/\/cambrils-turisme.com\/es\/politica-de-cookies\/","title":{"rendered":"Pol\u00edtica de cookies"},"content":{"rendered":"<p>Las cookies son peque\u00f1os archivos de texto que almacenan localmente en la \u00abmemoria cach\u00e9\u00bb de tu navegador de Internet. Este espacio web utiliza cookies i\/o tecnolog\u00edas que almacenan y recuperan informaci\u00f3n cuando se navega por internet. Estas tecnolog\u00edas permiten en el espacio web reconocer su navegador y, como resultado, almacenar tus preferencias de usuario.<\/p>\n<p><b>Tipos y funci\u00f3n de las cookies<\/b><\/p>\n<ul>\n<li aria-level=\"1\"><b>Propias<\/b><span style=\"font-weight: 400;\">: Son aquellas que se env\u00edan al equipo terminal del usuario desde un equipo o dominio gestionado por el mismo editor y desde el que se presta el servicio solicitado por el usuario.\u00a0<\/span><\/li>\n<\/ul>\n<ul>\n<li aria-level=\"1\"><b>De Terceros<\/b><span style=\"font-weight: 400;\">: Son aquellas que se remiten al equipo terminal del usuario desde un equipo o dominio que no es gestionado por el editor sino por otra entidad que trata los datos obtenidos por medio de las cookies.<\/span><\/li>\n<\/ul>\n<ul>\n<li aria-level=\"1\"><b>Permanentes<\/b><span style=\"font-weight: 400;\">: Permiten acceder a datos del terminal del usuario por un periodo definido por el responsable de la cookie.\u00a0 \u00a0<\/span><\/li>\n<\/ul>\n<ul>\n<li aria-level=\"1\"><b>De Sesi\u00f3n<\/b><span style=\"font-weight: 400;\">: Son aquellas dise\u00f1adas para recoger y almacenar datos mientras el usuario accede a una p\u00e1gina web y que almacenan y conservan informaci\u00f3n del usuario en una sola ocasi\u00f3n.\u00a0\u00a0<\/span><\/li>\n<\/ul>\n<ul>\n<li aria-level=\"1\"><b>T\u00e9cnicas<\/b><span style=\"font-weight: 400;\">: Permiten al usuario la navegaci\u00f3n a trav\u00e9s de una web y el uso de diferentes opciones o servicios.\u00a0 \u00a0<\/span><\/li>\n<\/ul>\n<ul>\n<li aria-level=\"1\"><b>De Personalizaci\u00f3n<\/b><span style=\"font-weight: 400;\">: Permiten recordar informaci\u00f3n para que el usuario pueda acceder al servicio\u00a0 con determinadas caracter\u00edsticas que pueden diferenciar tu experiencia de la de otros usuarios, disponiendo de unas caracter\u00edsticas de navegaci\u00f3n personalizadas para la p\u00e1gina web.\u00a0 \u00a0<\/span><\/li>\n<\/ul>\n<ul>\n<li aria-level=\"1\"><b>Anal\u00edticas<\/b><span style=\"font-weight: 400;\">: Permiten el seguimiento y an\u00e1lisis de comportamiento del usuario de webs a las que est\u00e1 vinculado, con la finalidad posterior de introducir mejoras en funci\u00f3n de los datos a\u00f1adidos.\u00a0 \u00a0<\/span><\/li>\n<\/ul>\n<ul>\n<li aria-level=\"1\"><b>Publicitarias<\/b><span style=\"font-weight: 400;\">: Permiten la gesti\u00f3n de los espacios publicitarios del editor en base a ciertos criterios, con el contenido editado o la frecuencia de accesos.<\/span><\/li>\n<\/ul>\n<p>&nbsp;<\/p>\n<p><b>Qu\u00e9 tipos de cookies se utilizan en esta p\u00e1gina web y su utilidad\u00a0<\/b><\/p>\n<p>&nbsp;<\/p>\n<ul>\n<li style=\"font-weight: 400;\" aria-level=\"1\"><span style=\"font-weight: 400;\">Propias<\/span><\/li>\n<li style=\"font-weight: 400;\" aria-level=\"1\"><span style=\"font-weight: 400;\">De Terceros<\/span><\/li>\n<li style=\"font-weight: 400;\" aria-level=\"1\"><span style=\"font-weight: 400;\">Permanentes<\/span><\/li>\n<li style=\"font-weight: 400;\" aria-level=\"1\"><span style=\"font-weight: 400;\">De Sesi\u00f3n<\/span><\/li>\n<li style=\"font-weight: 400;\" aria-level=\"1\"><span style=\"font-weight: 400;\">T\u00e9cnicas<\/span><\/li>\n<li style=\"font-weight: 400;\" aria-level=\"1\"><span style=\"font-weight: 400;\">De Personalizaci\u00f3n<\/span><\/li>\n<li style=\"font-weight: 400;\" aria-level=\"1\"><span style=\"font-weight: 400;\">Anal\u00edticas<\/span><\/li>\n<li style=\"font-weight: 400;\" aria-level=\"1\"><span style=\"font-weight: 400;\">Publicitarias<\/span><\/li>\n<\/ul>\n<p>&nbsp;<\/p>\n<p><b>Cuadro listado con los tipus de cookies que se utilizan en la p\u00e1gina web y su finalidad<\/b><\/p>\n<table style=\"border: 1px solid #000;\">\n<tbody>\n<tr style=\"border: 1px solid #000;\">\n<td><strong>NOMBRE<\/strong><\/td>\n<td><strong>PROPIETARIO<\/strong><\/td>\n<td><strong>DURACI\u00d3N<\/strong><\/td>\n<td><strong>FINALIDAD<\/strong><\/td>\n<\/tr>\n<tr style=\"border: 1px solid #000;\">\n<td><span style=\"font-weight: 400;\">_ga<\/span><span style=\"font-weight: 400;\">_gid<\/span><span style=\"font-weight: 400;\">_gat<\/span><\/td>\n<td><span style=\"font-weight: 400;\">Google Analytics\u00a0<\/span><\/td>\n<td><span style=\"font-weight: 400;\">2 a\u00f1os <\/span><span style=\"font-weight: 400;\">24 horas<\/span><span style=\"font-weight: 400;\">1 minuto<\/span><\/td>\n<td><span style=\"font-weight: 400;\">Se utiliza par distinguir usuarios. Permite que el usuario vea el contenido de la web actualizado si la comparte. Se utiliza para limitar el porcentaje de solicitudes.\u00a0<\/span><\/td>\n<\/tr>\n<tr style=\"border: 1px solid #000;\">\n<td><span style=\"font-weight: 400;\">_fbp<\/span><\/td>\n<td><span style=\"font-weight: 400;\">Facebook<\/span><\/td>\n<td><span style=\"font-weight: 400;\">24 horas<\/span><\/td>\n<td><span style=\"font-weight: 400;\">Servicios para ofrecer publicidad publicidad personalizada<\/span><\/td>\n<\/tr>\n<tr style=\"border: 1px solid #000;\">\n<td><span style=\"font-weight: 400;\">PHPSESSID<\/span><span style=\"font-weight: 400;\">Cookieyes-consent<\/span><\/td>\n<td><span style=\"font-weight: 400;\">Propia<\/span><\/td>\n<td><span style=\"font-weight: 400;\">Sesi\u00f3n <\/span><span style=\"font-weight: 400;\">1 a\u00f1o<\/span><\/td>\n<td><span style=\"font-weight: 400;\">Permite guardar datos serializados de estado. Sirve para <\/span><span style=\"font-weight: 400;\">recordar a los usuarios las preferencias que han escogido para pr\u00f3ximas visitas a la web<\/span><\/td>\n<\/tr>\n<\/tbody>\n<\/table>\n<p><span style=\"font-weight: 400;\">\u00a0<\/span><\/p>\n<p><b>Puedes desactivar el uso de cookies propias y de terceros mediante la configuraci\u00f3n de las opciones del navegador instalado en tu equipo:<\/b><span style=\"font-weight: 400;\">\u00a0<\/span><span style=\"font-weight: 400;\"><br \/>\n<\/span><b>\u00a0<\/b><span style=\"font-weight: 400;\">\u00a0\u00a0<\/span><\/p>\n<ul>\n<li style=\"font-weight: 400;\" aria-level=\"2\"><span style=\"font-weight: 400;\">Internet Explorer 9\u00a0<\/span><a href=\"https:\/\/support.microsoft.com\/es-es\/help\/17442\/windows-internet-explorer-delete-manage-cookies\"><span style=\"font-weight: 400;\">https:\/\/support.microsoft.com\/es-es\/help\/17442\/windows-internet-explorer-delete-manage-cookies<\/span><\/a><span style=\"font-weight: 400;\">\u00a0\u00a0<\/span><\/li>\n<li style=\"font-weight: 400;\" aria-level=\"2\"><span style=\"font-weight: 400;\">Chrome\u00a0<\/span><a href=\"https:\/\/support.google.com\/chrome\/answer\/95647?co=GENIE.Platform%3DDesktop&amp;hl=es\"><span style=\"font-weight: 400;\">https:\/\/support.google.com\/chrome\/answer\/95647?co=GENIE.Platform%3DDesktop&amp;hl=es<\/span><\/a><span style=\"font-weight: 400;\">\u00a0\u00a0<\/span><\/li>\n<li style=\"font-weight: 400;\" aria-level=\"2\"><span style=\"font-weight: 400;\">Mozilla\u00a0Firefox\u00a0<\/span><a href=\"https:\/\/support.mozilla.org\/es\/kb\/habilitar-y-deshabilitar-cookies-sitios-web-rastrear-preferencias\"><span style=\"font-weight: 400;\">https:\/\/support.mozilla.org\/es\/kb\/habilitar-y-deshabilitar-cookies-sitios-web-rastrear-preferencias<\/span><\/a><span style=\"font-weight: 400;\">\u00a0\u00a0<\/span><\/li>\n<li style=\"font-weight: 400;\" aria-level=\"2\"><span style=\"font-weight: 400;\">Safari\u00a0<\/span><a href=\"https:\/\/support.apple.com\/es-es\/guide\/safari\/sfri11471\/mac\"><span style=\"font-weight: 400;\">https:\/\/support.apple.com\/es-es\/guide\/safari\/sfri11471\/mac<\/span><\/a><span style=\"font-weight: 400;\">\u00a0\u00a0<\/span><\/li>\n<\/ul>\n<p><span style=\"font-weight: 400;\">\u00a0\u00a0<\/span><\/p>\n<ul>\n<li aria-level=\"1\"><b>Puedes configurar las cookies aceptadas haciendo <\/b><b><a class=\"cky-banner-element\" href=\"#\">aqu\u00ed<\/a>.<\/b><\/li>\n<\/ul>\n","protected":false},"excerpt":{"rendered":"<p>Las cookies son peque\u00f1os archivos de texto que almacenan localmente en la \u00abmemoria cach\u00e9\u00bb de tu navegador de Internet. Este espacio web utiliza cookies i\/o tecnolog\u00edas que almacenan y recuperan informaci\u00f3n cuando se navega por internet. Estas tecnolog\u00edas permiten en el espacio web reconocer su navegador y, como resultado, almacenar tus preferencias de usuario. Tipos [&hellip;]<\/p>\n","protected":false},"author":3,"featured_media":0,"parent":0,"menu_order":0,"comment_status":"closed","ping_status":"closed","template":"","meta":[],"acf":[],"_links":{"self":[{"href":"https:\/\/cambrils-turisme.com\/es\/wp-json\/wp\/v2\/pages\/7318"}],"collection":[{"href":"https:\/\/cambrils-turisme.com\/es\/wp-json\/wp\/v2\/pages"}],"about":[{"href":"https:\/\/cambrils-turisme.com\/es\/wp-json\/wp\/v2\/types\/page"}],"author":[{"embeddable":true,"href":"https:\/\/cambrils-turisme.com\/es\/wp-json\/wp\/v2\/users\/3"}],"replies":[{"embeddable":true,"href":"https:\/\/cambrils-turisme.com\/es\/wp-json\/wp\/v2\/comments?post=7318"}],"version-history":[{"count":7,"href":"https:\/\/cambrils-turisme.com\/es\/wp-json\/wp\/v2\/pages\/7318\/revisions"}],"predecessor-version":[{"id":135650,"href":"https:\/\/cambrils-turisme.com\/es\/wp-json\/wp\/v2\/pages\/7318\/revisions\/135650"}],"wp:attachment":[{"href":"https:\/\/cambrils-turisme.com\/es\/wp-json\/wp\/v2\/media?parent=7318"}],"curies":[{"name":"wp","href":"https:\/\/api.w.org\/{rel}","templated":true}]}}