{"id":7316,"date":"2019-05-21T17:29:10","date_gmt":"2019-05-21T17:29:10","guid":{"rendered":"https:\/\/cambrils-turisme.com\/?page_id=7316"},"modified":"2019-11-14T10:06:02","modified_gmt":"2019-11-14T10:06:02","slug":"politica-de-privacidad","status":"publish","type":"page","link":"https:\/\/cambrils-turisme.com\/es\/politica-de-privacidad\/","title":{"rendered":"Pol\u00edtica de privacidad"},"content":{"rendered":"<p><b>RESPONSABLE<\/b><\/p>\n<p><span style=\"font-weight: 400;\">De conformidad con lo establecido por el <\/span><b>Reglamento General (UE) 2016\/679 de Protecci\u00f3n de datos y la Ley Org\u00e1nica 3\/2018 de Protecci\u00f3n de Datos personales y garant\u00edas de los derechos digitales<\/b><span style=\"font-weight: 400;\">, le informamos que los datos personales facilitados a trav\u00e9s de los formularios, as\u00ed como su direcci\u00f3n de correo electr\u00f3nico, han sido incluidos en un tratamiento titularidad de <\/span><b>PATRONAT MUNICIPAL DE TURISME DE CAMBRILS, <\/b><b>[<\/b><span style=\"font-weight: 400;\">de ahora en adelante<\/span><b> CAMBRILS TURISME], <\/b><span style=\"font-weight: 400;\">con \u00a0domicilio social en la<\/span><span style=\"font-weight: 400;\"> Passeig de les Palmeres, 1 &#8211; 43850 CAMBRILS, NIF P9303801F, es la encargada de la explotaci\u00f3n, gesti\u00f3n y funcionamiento del portal Web mencionado anteriormente.<\/span><span style=\"font-weight: 400;\"><br \/>\n<\/span><span style=\"font-weight: 400;\">E-mail <\/span><b>tur@cambrils.org<\/b><b>,<\/b><span style=\"font-weight: 400;\"> con el fin de atender sus consultas y el env\u00edo de informaci\u00f3n relacionada con los servicios que ofrece <\/span><b>CAMBRILS TURISME.<\/b><\/p>\n<p><span style=\"font-weight: 400;\"><br \/>\n<\/span><span style=\"font-weight: 400;\">Se informa que los datos pueden ser utilizados para el env\u00edo de comunicaciones comerciales, por cualquier medio, relativo a actividades y servicios de nuestra empresa o grupo empresarial que puedan ser de su inter\u00e9s. Usted podr\u00e1 en cualquier momento oponerse a este tipo de comunicaciones, enviando un correo electr\u00f3nico a la direcci\u00f3n <\/span><b>dpd@cambrils.org<\/b><span style=\"font-weight: 400;\"> e indicando en el asunto <\/span><b>\u00abBAJA DE LA LISTA DE DISTRIBUCI\u00d3N\u00bb.<\/b><\/p>\n<p>&nbsp;<\/p>\n<p><span style=\"font-weight: 400;\">As\u00ed mismo, podr\u00e1 ejercer los derechos de <\/span><b>a<\/b><span style=\"font-weight: 400;\">cceso, <\/span><b>r<\/b><span style=\"font-weight: 400;\">ectificaci\u00f3n, <\/span><b>s<\/b><span style=\"font-weight: 400;\">upresi\u00f3n,<\/span><b> c<\/b><span style=\"font-weight: 400;\">ancelaci\u00f3n, <\/span><b>o<\/b><span style=\"font-weight: 400;\">posici\u00f3n, <\/span><b>p<\/b><span style=\"font-weight: 400;\">ortabilidad y <\/span><b>l<\/b><span style=\"font-weight: 400;\">imitaci\u00f3n, enviando un escrito acompa\u00f1ado de una fotocopia del D.N.I o documento acreditativo equivalente a la siguiente direcci\u00f3n: <\/span><b>Passeig de les Palmeres, 1 &#8211; 43850 CAMBRILS <\/b><span style=\"font-weight: 400;\">o envi\u00e1ndolo por correo electr\u00f3nico a <\/span><b>dpd@cambrils.org<\/b><span style=\"font-weight: 400;\"> indicando en el asunto \u00ab<\/span><b>PROTECCI\u00d3N DE DATOS<\/b><span style=\"font-weight: 400;\">\u00ab.<\/span><span style=\"font-weight: 400;\"><br \/>\n<\/span><\/p>\n<p>&nbsp;<\/p>\n<p><b>POL\u00cdTICA<\/b><\/p>\n<p><b>CAMBRILS TURISME<\/b><span style=\"font-weight: 400;\"> est\u00e1 especialmente sensibilizado con la protecci\u00f3n de los datos de los usuarios de los servicios que acceden al sitio web. Mediante la presente Pol\u00edtica de Privacidad se informa a los usuarios de <\/span><b>cambrils-turisme.com<\/b><span style=\"font-weight: 400;\"> del tratamiento y usos a los que se someten los datos personales que se recaban en la web mediante la <\/span><b>informaci\u00f3n adicional<\/b><span style=\"font-weight: 400;\">, con el fin de que decidan, libre y voluntariamente, si desean facilitar la informaci\u00f3n solicitada.<\/span><\/p>\n<p>&nbsp;<\/p>\n<p><b>MEDIDAS DE SEGURIDAD<\/b><\/p>\n<p><span style=\"font-weight: 400;\">Finalmente se informa que <\/span><b>CAMBRILS TURISME, <\/b><span style=\"font-weight: 400;\">ha adoptado en el sistema de informaci\u00f3n las medidas t\u00e9cnicas y organizativas adecuadas, con objeto de garantizar la seguridad y confidencialidad de los datos almacenados, evitando as\u00ed, su alteraci\u00f3n, p\u00e9rdida, tratamiento o acceso no autorizado; teniendo en cuenta el estado de la t\u00e9cnica, los costes de aplicaci\u00f3n, y la naturaleza, el alcance, el contexto y las finalidades del tratamiento, as\u00ed como riesgos de probabilidad y gravedad variables asociadas a cada uno de los tratamientos..<\/span><\/p>\n<p>&nbsp;<\/p>\n<p><b>DERECHOS DE LOS USUARIOS<\/b><\/p>\n<p><span style=\"font-weight: 400;\">El interesado de los datos personales podr\u00e1 ejercitar los derechos que le asisten, de acuerdo con el Reglamento General de Protecci\u00f3n de Datos y del Ley Org\u00e1nica 3\/2018 de Protecci\u00f3n de datos personales y garant\u00edas de los derechos digitales, y que son:<\/span><\/p>\n<p>&nbsp;<\/p>\n<p><b>A<\/b><span style=\"font-weight: 400;\">.- El derecho de <\/span><b>acceso<\/b><span style=\"font-weight: 400;\">, se podr\u00e1 ejercitar con periodicidad anual, excepto inter\u00e9s leg\u00edtimo acreditado. Al ejercitar este derecho, el interesado podr\u00e1 optar por los siguientes sistemas de consulta del fichero:<\/span><span style=\"font-weight: 400;\"><br \/>\n<\/span><span style=\"font-weight: 400;\"><br \/>\n<\/span><span style=\"font-weight: 400;\">&#8211; Enviar un correo electr\u00f3nico a: <\/span><b>dpd@cambrils.org.<\/b><span style=\"font-weight: 400;\"><br \/>\n<\/span><span style=\"font-weight: 400;\">&#8211; Comunicaci\u00f3n por escrito dirigida a:<\/span><b> CAMBRILS TURISME, Passeig de les Palmeres, 1 &#8211; 43850 CAMBRILS<\/b><\/p>\n<p>&nbsp;<\/p>\n<p><b>CAMBRILS TURISME, <\/b><span style=\"font-weight: 400;\">proceder\u00e1 a notificar su decisi\u00f3n en el plazo de un mes. Si fuera en sentido afirmativo, el interesado podr\u00e1 acceder a la referida informaci\u00f3n en el plazo de los 10 d\u00edas siguientes a su notificaci\u00f3n.<\/span><\/p>\n<p><span style=\"font-weight: 400;\"><br \/>\n<\/span><b>B<\/b><span style=\"font-weight: 400;\">.- El derecho de <\/span><b>rectificaci\u00f3n <\/b><span style=\"font-weight: 400;\">y <\/span><b>cancelaci\u00f3n<\/b><span style=\"font-weight: 400;\"> podr\u00e1n ser ejercitados, con arreglo a las siguientes previsiones, siempre que el interesado considere que los datos recogidos en nuestros tratamientos son <\/span><i><span style=\"font-weight: 400;\">inexactos, incompletos, inadecuados o excesivos.<\/span><\/i><span style=\"font-weight: 400;\"> En este caso, podr\u00e1 ejercitarlos a trav\u00e9s de alguno de los medios anteriormente previstos.<\/span><span style=\"font-weight: 400;\"><br \/>\n<\/span><b>CAMBRILS TURISME, <\/b><span style=\"font-weight: 400;\">proceder\u00e1 a la rectificaci\u00f3n o cancelaci\u00f3n dentro de los 10 d\u00edas siguientes al de la recepci\u00f3n de la solicitud.<\/span><\/p>\n<p>&nbsp;<\/p>\n<p><b>C<\/b><span style=\"font-weight: 400;\">.- El derecho de <\/span><b>oposici\u00f3n <\/b><span style=\"font-weight: 400;\">podr\u00e1 ser ejercitado, con arreglo a las siguientes previsiones, siempre que el interesado quiera oponerse al tratamiento de sus datos personales tanto si los datos se tratan l\u00edcitamente por inter\u00e9s leg\u00edtimo o consentimiento relativo a fines publicitarios.<\/span><\/p>\n<p>&nbsp;<\/p>\n<p><b>D<\/b><span style=\"font-weight: 400;\">.- El derecho de <\/span><b>portabilidad<\/b><span style=\"font-weight: 400;\"> podr\u00e1 ser ejercitado, con arreglo a las siguientes previsiones, siempre que el interesado considere que los datos recogidos en nuestros tratamientos tienen que ser devueltos al titular de los datos, o en su caso a un tercero (Encargado de tratamiento).<\/span><span style=\"font-weight: 400;\"><br \/>\n<\/span><span style=\"font-weight: 400;\"><br \/>\n<\/span><b>E<\/b><span style=\"font-weight: 400;\">.- El derecho de <\/span><b>limitaci\u00f3n del tratamiento <\/b><span style=\"font-weight: 400;\">podr\u00e1 ser ejercitado, previamente el derecho de oposici\u00f3n al tratamiento de sus datos, y que mientras no se resuelva el derecho de oposici\u00f3n, se limite el tratamiento de los datos.<\/span><\/p>\n<p>&nbsp;<\/p>\n<p><b>CAMBIO DE NORMATIVA<\/b><\/p>\n<p><b>CAMBRILS TURISME, <\/b><span style=\"font-weight: 400;\">se reserva el derecho de modificar la presente pol\u00edtica con el objeto de adaptarla a las novedades legislativas o jurisprudenciales. Tales cambios ser\u00e1n comunicados con la antelaci\u00f3n que sea necesaria en nuestra p\u00e1gina web, sin perjuicio de reclamar el consentimiento necesario de los afectados cuando este no se considere otorgado con arreglo a los t\u00e9rminos de la presente pol\u00edtica.<\/span><span style=\"font-weight: 400;\"><br \/>\n<\/span><span style=\"font-weight: 400;\"><br \/>\n<\/span><span style=\"font-weight: 400;\">Cualquier duda, pregunta o comentario que pudiera tener en referencia a la presente normativa, no dude en consultarlo dirigiendo su comunicaci\u00f3n a: <\/span><b>tur@cambrils.org.<\/b><\/p>\n","protected":false},"excerpt":{"rendered":"<p>RESPONSABLE De conformidad con lo establecido por el Reglamento General (UE) 2016\/679 de Protecci\u00f3n de datos y la Ley Org\u00e1nica 3\/2018 de Protecci\u00f3n de Datos personales y garant\u00edas de los derechos digitales, le informamos que los datos personales facilitados a trav\u00e9s de los formularios, as\u00ed como su direcci\u00f3n de correo electr\u00f3nico, han sido incluidos en [&hellip;]<\/p>\n","protected":false},"author":3,"featured_media":0,"parent":0,"menu_order":0,"comment_status":"closed","ping_status":"closed","template":"","meta":[],"acf":[],"_links":{"self":[{"href":"https:\/\/cambrils-turisme.com\/es\/wp-json\/wp\/v2\/pages\/7316"}],"collection":[{"href":"https:\/\/cambrils-turisme.com\/es\/wp-json\/wp\/v2\/pages"}],"about":[{"href":"https:\/\/cambrils-turisme.com\/es\/wp-json\/wp\/v2\/types\/page"}],"author":[{"embeddable":true,"href":"https:\/\/cambrils-turisme.com\/es\/wp-json\/wp\/v2\/users\/3"}],"replies":[{"embeddable":true,"href":"https:\/\/cambrils-turisme.com\/es\/wp-json\/wp\/v2\/comments?post=7316"}],"version-history":[{"count":1,"href":"https:\/\/cambrils-turisme.com\/es\/wp-json\/wp\/v2\/pages\/7316\/revisions"}],"predecessor-version":[{"id":7317,"href":"https:\/\/cambrils-turisme.com\/es\/wp-json\/wp\/v2\/pages\/7316\/revisions\/7317"}],"wp:attachment":[{"href":"https:\/\/cambrils-turisme.com\/es\/wp-json\/wp\/v2\/media?parent=7316"}],"curies":[{"name":"wp","href":"https:\/\/api.w.org\/{rel}","templated":true}]}}