{"id":3877,"date":"2018-05-30T10:18:10","date_gmt":"2018-05-30T10:18:10","guid":{"rendered":"https:\/\/cambrils-turisme.com\/avis-legal\/"},"modified":"2019-11-14T10:07:41","modified_gmt":"2019-11-14T10:07:41","slug":"avis-legal","status":"publish","type":"page","link":"https:\/\/cambrils-turisme.com\/es\/avis-legal\/","title":{"rendered":"Aviso Legal"},"content":{"rendered":"<p><b>DATOS IDENTIFICATIVOS DEL PRESTADOR DE SERVICIOS DE LA SOCIEDAD DE LA INFORMACI\u00d3N<\/b><\/p>\n<p><span style=\"font-weight: 400;\">De conformidad con el art\u00edculo 10 de la <\/span><b>Ley 34\/2002<\/b><span style=\"font-weight: 400;\">, de 11 de julio, de \u201c<\/span><b>Servicios de la Sociedad de la Informaci\u00f3n y Comercio Electr\u00f3nico (LSSI)\u201d<\/b><span style=\"font-weight: 400;\">, ponemos en su conocimiento la siguiente informaci\u00f3n:<\/span><\/p>\n<p><b>PATRONAT MUNICIPAL DE TURISME DE CAMBRILS, [<\/b><span style=\"font-weight: 400;\">de ahora en adelante <\/span><b>CAMBRILS TURISME], <\/b><span style=\"font-weight: 400;\">es el titular del portal Web <\/span><b>cambrils-turisme.com<\/b><span style=\"font-weight: 400;\">, que act\u00faa exclusivamente como explotadora, y gestora de los contenidos de los portales Web domiciliada en: Passeig de les Palmeres, 1 &#8211; 43850 CAMBRILS, NIF P9303801F, es la encargada de la explotaci\u00f3n, gesti\u00f3n y funcionamiento del portal Web mencionado anteriormente.<\/span><span style=\"font-weight: 400;\"><br \/>\n<\/span><span style=\"font-weight: 400;\">Si quiere contactar con nosotros, puede hacerlo mediante correo postal a la direcci\u00f3n mencionada al p\u00e1rrafo anterior, o bien a trav\u00e9s del correo electr\u00f3nico <\/span><b>tur@cambrils.org.<\/b><\/p>\n<p>&nbsp;<\/p>\n<p><b>INTRODUCCI\u00d3N<\/b><\/p>\n<p><span style=\"font-weight: 400;\">El presente Aviso legal regula el uso de esta p\u00e1gina web. El acceso en la web es gratuito excepto en el relativo al coste de la conexi\u00f3n a trav\u00e9s de la red de telecomunicaciones suministrada por el proveedor de acceso contratado por los usuarios.<\/span><\/p>\n<p>&nbsp;<\/p>\n<p><b>ACEPTACI\u00d3N<\/b><\/p>\n<p><span style=\"font-weight: 400;\">La utilizaci\u00f3n del portal Web atribuye la condici\u00f3n de usuario, e implica la aceptaci\u00f3n total y sin reservas de todas y cada una de las disposiciones incluidas en este Aviso Legal, en la versi\u00f3n publicada para <\/span><b>CAMBRILS TURISME<\/b><span style=\"font-weight: 400;\"> en el mismo momento en que el usuario acceda a la Web. En consecuencia, el usuario tiene que leer atentamente el presente <\/span><b>Aviso Legal<\/b><span style=\"font-weight: 400;\"> en cada una de las ocasiones en que se proponga utilizar la Web, puesto que puede sufrir modificaciones.<\/span><\/p>\n<p>&nbsp;<\/p>\n<p><b>INFORMACI\u00d3N SOBRE LOS V\u00cdNCULOS \u201cLINKS\u201d<\/b><\/p>\n<p><b>CAMBRILS TURISME<\/b><span style=\"font-weight: 400;\"> no se hace responsable de las webs no propias o de terceros, a las cuales se puede acceder mediante v\u00ednculos \u201c<\/span><b>links<\/b><span style=\"font-weight: 400;\">\u201d o de cualquier contenido puesto a disposici\u00f3n por terceros.<\/span><span style=\"font-weight: 400;\"><br \/>\n<\/span><span style=\"font-weight: 400;\">Cualquier uso de un v\u00ednculo o acceso a una Web no propia es realizado por voluntad y riesgo exclusivo del usuario, <\/span><b>CAMBRILS TURISME<\/b><span style=\"font-weight: 400;\"> no recomienda ni garantiza ninguna informaci\u00f3n obtenida a trav\u00e9s de un v\u00ednculo ajeno a la web de <\/span><b>cambrils-turisme.com,<\/b><span style=\"font-weight: 400;\"> ni se responsabiliza de ninguna p\u00e9rdida, reclamaci\u00f3n o perjuicio derivada del uso o mal uso de un v\u00ednculo, o de la informaci\u00f3n obtenida a trav\u00e9s de \u00e9l, incluyendo otros v\u00ednculos o webs, de la interrupci\u00f3n en el servicio o en el acceso, o del uso \u00a0o mal uso de un v\u00ednculo, tanto al conectar al portal Web <\/span><b>cambrils-turisme.com<\/b><span style=\"font-weight: 400;\"> c\u00f3mo al acceder a la informaci\u00f3n de otras webs desde el mismo portal Web.<\/span><span style=\"font-weight: 400;\"><br \/>\n<\/span><\/p>\n<p><b>REN\u00daNCIA Y LIMITACI\u00d3N DE LA RESPONSABILIDAD<\/b><\/p>\n<p><span style=\"font-weight: 400;\">La informaci\u00f3n y servicios incluidos o disponibles a trav\u00e9s de las p\u00e1ginas Web pueden incluir incorrecciones o errores tipogr\u00e1ficos. De forma peri\u00f3dica se incorporan cambios a la informaci\u00f3n contenida. <\/span><b>CAMBRILS TURISME<\/b><span style=\"font-weight: 400;\"> puede introducir en cualquier momento mejoras y\/o cambios en los servicios o contenidos.<\/span><span style=\"font-weight: 400;\"><br \/>\n<\/span><span style=\"font-weight: 400;\">Tambi\u00e9n se advierte que los contenidos de esta web tienen la finalidad informativa en cuanto a la oferta de servicios y tarifas, seg\u00fan lo previsto en el presente aviso legal y en el resto de los textos legales del presente portal.<\/span><\/p>\n<p>&nbsp;<\/p>\n<p><b>INFORMACI\u00d3N SOBRE LA EXENCI\u00d3N DE TODA RESPONSABILIDAD DERIVADA DE UN FALLO T\u00c9CNICO Y DE CONTENIDO<\/b><\/p>\n<p><b>CAMBRILS TURISME<\/b><span style=\"font-weight: 400;\"> declina cualquier responsabilidad en caso de que existan interrupciones o un mal funcionamiento de los servicios o contenidos ofrecidos en Internet, cualquiera que sea su causa.<\/span><span style=\"font-weight: 400;\"><br \/>\n<\/span><span style=\"font-weight: 400;\">As\u00ed mismo, <\/span><b>CAMBRILS TURISME<\/b><span style=\"font-weight: 400;\"> no se hace responsable de las ca\u00eddas de la red, p\u00e9rdidas de negocio a consecuencia de estas ca\u00eddas, suspensiones temporales del fluido el\u00e9ctrico o cualquiera otro tipo.<\/span><span style=\"font-weight: 400;\"><br \/>\n<\/span><span style=\"font-weight: 400;\"><br \/>\n<\/span><b>CAMBRILS TURISME <\/b><span style=\"font-weight: 400;\">no garantiza que los servicios o contenidos no sean interrumpidos o que est\u00e9n libres de errores, que los defectos sean corregidos, o que el servicio o el servidor que lo pone a su disposici\u00f3n est\u00e9n libre de virus u otros componentes nocivos, sin perjuicio de que <\/span><b>CAMBRILS TURISME<\/b><span style=\"font-weight: 400;\"> realiza sus mejores esfuerzos a evitar este tipo de incidentes. En caso de que el usuario tomara determinadas decisiones o realizara acciones en base a la informaci\u00f3n incluida en cualquier de los \u201cwebsites\u201d, se recomienda la comprobaci\u00f3n de la informaci\u00f3n recibida con otras fuentes.<\/span><\/p>\n<p><span style=\"font-weight: 400;\">\u00a0<\/span><\/p>\n<p><b>PROPIEDAD INTELECTUAL E INDUSTRIAL, MARCAS REGISTRADAS<\/b><\/p>\n<p><span style=\"font-weight: 400;\">La estructura, dise\u00f1o y forma de presentaci\u00f3n de los elementos (gr\u00e1ficos, im\u00e1genes, ficheros logotipos, combinaciones de colores y cualquier elemento susceptible de protecci\u00f3n) est\u00e1n protegidos por derechos de propiedad intelectual, titularidad del <\/span><b>CAMBRILS TURISME.<\/b><span style=\"font-weight: 400;\"><br \/>\n<\/span><span style=\"font-weight: 400;\"><br \/>\n<\/span><span style=\"font-weight: 400;\">Est\u00e1 prohibida la reproducci\u00f3n, la transformaci\u00f3n, la distribuci\u00f3n, la comunicaci\u00f3n p\u00fablica, y en general cualquier otra forma de explotaci\u00f3n, parcial o total de los elementos referidos en el apartado anterior. Estos actos de explotaci\u00f3n s\u00f3lo podr\u00e1n ser realizados en virtud de la autorizaci\u00f3n expresa de <\/span><b>CAMBRILS TURISME<\/b><span style=\"font-weight: 400;\"> y que, en todo caso, tendr\u00e1n que hacer referencia expl\u00edcita a la titularidad de los citados derechos de propiedad intelectual de <\/span><b>CAMBRILS TURISME.<\/b><span style=\"font-weight: 400;\"><br \/>\n<\/span><span style=\"font-weight: 400;\"><br \/>\n<\/span><span style=\"font-weight: 400;\">S\u00f3lo est\u00e1 autorizado para el uso privado del material documental elaborado para <\/span><b>CAMBRILS TURISME.<\/b><span style=\"font-weight: 400;\"> En ning\u00fan caso, podr\u00e1 suprimir, alterar, eludir o manipular cualquier dispositivo de protecci\u00f3n o sistemas de seguridad que pueda estar instalado.<\/span><span style=\"font-weight: 400;\"><br \/>\n<\/span><span style=\"font-weight: 400;\"><br \/>\n<\/span><span style=\"font-weight: 400;\">Excepto autorizaci\u00f3n expresa de <\/span><b>CAMBRILS TURISME<\/b><span style=\"font-weight: 400;\"> no se permite el enlace a \u201cp\u00e1ginas finales\u201d, el \u201cframe\u201d y cualquier otra manipulaci\u00f3n similar. Los enlaces tienen que ser siempre en la p\u00e1gina principal o \u201chome page\u201d de <\/span><b>cambrils-turisme.com<\/b><span style=\"font-weight: 400;\">.<\/span><span style=\"font-weight: 400;\"><br \/>\n<\/span><span style=\"font-weight: 400;\"><br \/>\n<\/span><span style=\"font-weight: 400;\">Los signos distintivos (marcas, nombres comerciales) de <\/span><b>CAMBRILS TURISME<\/b><span style=\"font-weight: 400;\"> est\u00e1n protegidos por derechos de propiedad industrial, quedando prohibida la utilizaci\u00f3n o manipulaci\u00f3n de cualquiera de estos, excepto autorizaci\u00f3n expresa y por escrito de <\/span><b>CAMBRILS TURISME.<\/b><\/p>\n","protected":false},"excerpt":{"rendered":"<p>DATOS IDENTIFICATIVOS DEL PRESTADOR DE SERVICIOS DE LA SOCIEDAD DE LA INFORMACI\u00d3N De conformidad con el art\u00edculo 10 de la Ley 34\/2002, de 11 de julio, de \u201cServicios de la Sociedad de la Informaci\u00f3n y Comercio Electr\u00f3nico (LSSI)\u201d, ponemos en su conocimiento la siguiente informaci\u00f3n: PATRONAT MUNICIPAL DE TURISME DE CAMBRILS, [de ahora en adelante [&hellip;]<\/p>\n","protected":false},"author":3,"featured_media":0,"parent":0,"menu_order":0,"comment_status":"closed","ping_status":"closed","template":"","meta":[],"acf":[],"_links":{"self":[{"href":"https:\/\/cambrils-turisme.com\/es\/wp-json\/wp\/v2\/pages\/3877"}],"collection":[{"href":"https:\/\/cambrils-turisme.com\/es\/wp-json\/wp\/v2\/pages"}],"about":[{"href":"https:\/\/cambrils-turisme.com\/es\/wp-json\/wp\/v2\/types\/page"}],"author":[{"embeddable":true,"href":"https:\/\/cambrils-turisme.com\/es\/wp-json\/wp\/v2\/users\/3"}],"replies":[{"embeddable":true,"href":"https:\/\/cambrils-turisme.com\/es\/wp-json\/wp\/v2\/comments?post=3877"}],"version-history":[{"count":2,"href":"https:\/\/cambrils-turisme.com\/es\/wp-json\/wp\/v2\/pages\/3877\/revisions"}],"predecessor-version":[{"id":8796,"href":"https:\/\/cambrils-turisme.com\/es\/wp-json\/wp\/v2\/pages\/3877\/revisions\/8796"}],"wp:attachment":[{"href":"https:\/\/cambrils-turisme.com\/es\/wp-json\/wp\/v2\/media?parent=3877"}],"curies":[{"name":"wp","href":"https:\/\/api.w.org\/{rel}","templated":true}]}}