{"id":29317,"date":"2020-05-08T11:47:30","date_gmt":"2020-05-08T11:47:30","guid":{"rendered":"https:\/\/cambrils-turisme.com\/platges-2\/"},"modified":"2024-07-08T10:08:12","modified_gmt":"2024-07-08T10:08:12","slug":"playas","status":"publish","type":"page","link":"https:\/\/cambrils-turisme.com\/es\/playas\/","title":{"rendered":"Playas"},"content":{"rendered":"<p>[vc_row][vc_column width=\u00bb1\/4&#8243;]<a href=\"http:\/\/interior.gencat.cat\/platges.visor\" class=\"btn_1 btn-full  boton-menu-landing\" target=\"_blank\">Estado de las playas<\/a>[\/vc_column][vc_column width=\u00bb1\/4&#8243;]<a href=\"https:\/\/cambrils-turisme.com\/es\/clima\/\" class=\"btn_1 btn-full  boton-menu-landing\" target=\"_blank\">El tiempo en vivo<\/a>[\/vc_column][vc_column width=\u00bb1\/4&#8243;]<a href=\"#platges\" class=\"btn_1 btn-full  boton-menu-landing\" target=\"_self\">Nuestras playas<\/a>[\/vc_column][vc_column width=\u00bb1\/4&#8243;]<a href=\"#mapa\" class=\"btn_1 btn-full  boton-menu-landing\" target=\"_self\">Mapa de playas<\/a>[\/vc_column][\/vc_row][vc_row][vc_column width=\u00bb1\/2&#8243; offset=\u00bbvc_hidden-sm vc_hidden-xs\u00bb][vc_empty_space][vc_single_image image=\u00bb31493&#8243; img_size=\u00bbfull\u00bb el_class=\u00bbimatge-platges\u00bb][\/vc_column][vc_column width=\u00bb1\/2&#8243;][vc_column_text]<\/p>\n<div class=\"main_title\">\n<h2><\/h2>\n<h2>Vamos juntos <b>a la playa<\/b><\/h2>\n<\/div>\n<p>Cambrils tiene unas playas excelentes que se extienden a lo largo de 9 km donde puedes disfrutar del maravilloso clima mediterr\u00e1neo durante todo el a\u00f1o. Las playas son de arena fina y dorada, con suaves pendientes de entrada al mar, aguas tranquilas y poco profundas y una orograf\u00eda que las hace muy seguras para ir con los m\u00e1s peque\u00f1os.<\/p>\n<p>Unas playas con una calidad inmejorable, como lo demuestra el hecho que cada a\u00f1o son<a href=\"https:\/\/cambrils-turisme.com\/es\/platges-bandera-blava\/\"> galardonadas con el distintivo Bandera Azul<\/a>. No solo se valora la calidad del agua, sino tambi\u00e9n los servicios que se ofrecen y aqu\u00ed Cambrils destaca, incluso encontrar\u00e9is una playa <a href=\"https:\/\/cambrils-turisme.com\/es\/platja-per-a-gossos\/\">donde los perros son bienvenidos<\/a>!<\/p>\n<p>Las playas van acompa\u00f1adas de un largo paseo que permite disfrutar, a pie o en bicicleta, de la tranquilidad y el paisaje del litoral de Cambrils.<\/p>\n<p>[\/vc_column_text][\/vc_column][\/vc_row][vc_row el_id=\u00bbplatges\u00bb][vc_column][vc_empty_space][vc_column_text]<\/p>\n<div class=\"main_title\">\n<h2><\/h2>\n<h2>Playas <b>de Cambrils<\/b><\/h2>\n<\/div>\n<p>[\/vc_column_text][vc_empty_space][vc_basic_grid post_type=\u00bbpost\u00bb max_items=\u00bb9&#8243; item=\u00bb797&#8243; grid_id=\u00bbvc_gid:1720433279872-870b3fbf-17fd-4&#8243; taxonomies=\u00bb48&#8243; exclude=\u00bb11490, 8034, 5475, 5499&#8243;][\/vc_column][\/vc_row]<\/p>\n","protected":false},"excerpt":{"rendered":"<p>[vc_row][vc_column width=\u00bb1\/4&#8243;][\/vc_column][vc_column width=\u00bb1\/4&#8243;][\/vc_column][vc_column width=\u00bb1\/4&#8243;][\/vc_column][vc_column width=\u00bb1\/4&#8243;][\/vc_column][\/vc_row][vc_row][vc_column width=\u00bb1\/2&#8243; offset=\u00bbvc_hidden-sm vc_hidden-xs\u00bb][vc_empty_space][vc_single_image image=\u00bb31493&#8243; img_size=\u00bbfull\u00bb el_class=\u00bbimatge-platges\u00bb][\/vc_column][vc_column width=\u00bb1\/2&#8243;][vc_column_text] Vamos juntos a la playa Cambrils tiene unas playas excelentes que se extienden a lo largo de 9 km donde puedes disfrutar del maravilloso clima mediterr\u00e1neo durante todo el a\u00f1o. Las playas son de arena fina y dorada, con suaves pendientes de entrada [&hellip;]<\/p>\n","protected":false},"author":3,"featured_media":0,"parent":0,"menu_order":0,"comment_status":"closed","ping_status":"closed","template":"","meta":[],"acf":[],"_links":{"self":[{"href":"https:\/\/cambrils-turisme.com\/es\/wp-json\/wp\/v2\/pages\/29317"}],"collection":[{"href":"https:\/\/cambrils-turisme.com\/es\/wp-json\/wp\/v2\/pages"}],"about":[{"href":"https:\/\/cambrils-turisme.com\/es\/wp-json\/wp\/v2\/types\/page"}],"author":[{"embeddable":true,"href":"https:\/\/cambrils-turisme.com\/es\/wp-json\/wp\/v2\/users\/3"}],"replies":[{"embeddable":true,"href":"https:\/\/cambrils-turisme.com\/es\/wp-json\/wp\/v2\/comments?post=29317"}],"version-history":[{"count":10,"href":"https:\/\/cambrils-turisme.com\/es\/wp-json\/wp\/v2\/pages\/29317\/revisions"}],"predecessor-version":[{"id":137534,"href":"https:\/\/cambrils-turisme.com\/es\/wp-json\/wp\/v2\/pages\/29317\/revisions\/137534"}],"wp:attachment":[{"href":"https:\/\/cambrils-turisme.com\/es\/wp-json\/wp\/v2\/media?parent=29317"}],"curies":[{"name":"wp","href":"https:\/\/api.w.org\/{rel}","templated":true}]}}