{"id":23262,"date":"2021-04-14T11:43:26","date_gmt":"2021-04-14T11:43:26","guid":{"rendered":"https:\/\/cambrils-turisme.com\/?page_id=23262"},"modified":"2021-05-04T12:09:10","modified_gmt":"2021-05-04T12:09:10","slug":"jornadas-del-romesco-de-cambrils","status":"publish","type":"page","link":"https:\/\/cambrils-turisme.com\/es\/jornadas-del-romesco-de-cambrils\/","title":{"rendered":"Jornadas del Romesco de Cambrils &#8211; 7 al 23 de Mayo"},"content":{"rendered":"<p>[vc_row][vc_column][vc_empty_space height=\u00bb70px\u00bb][vc_custom_heading text=\u00bbJORNADAS GASTRON\u00d3MICAS DEL ROMESCO DE CAMBRILS\u00bb font_container=\u00bbtag:h1|text_align:center\u00bb google_fonts=\u00bbfont_family:Montserrat%3Aregular%2C700|font_style:700%20bold%20regular%3A700%3Anormal\u00bb][vc_empty_space][vc_column_text]Vuelven las esperadas Jornadas Gastron\u00f3micas de Cambrils con un plato tradicional de la cocina cambrilense, el Romesco. &#x1f37d; Del 7 al 23 de mayo disfruta de todo el sabor de la cocina marinera de Cambrils. 28 restaurantes ofrecen men\u00fas y platillos \u00abenromescados\u00bb.[\/vc_column_text][vc_empty_space][\/vc_column][\/vc_row][vc_row][vc_column][vc_custom_heading text=\u00bbPATROCINA\u00bb font_container=\u00bbtag:h2|text_align:center\u00bb google_fonts=\u00bbfont_family:Montserrat%3Aregular%2C700|font_style:700%20bold%20regular%3A700%3Anormal\u00bb][vc_empty_space][vc_single_image image=\u00bb22916&#8243; img_size=\u00bbfull\u00bb alignment=\u00bbcenter\u00bb el_class=\u00bblogo-patrocinador\u00bb][vc_empty_space][\/vc_column][\/vc_row][vc_row gap=\u00bb15&#8243;][vc_column width=\u00bb1\/3&#8243;][vc_single_image image=\u00bb22894&#8243; img_size=\u00bbfull\u00bb el_class=\u00bbimg-patrocinador\u00bb][\/vc_column][vc_column width=\u00bb2\/3&#8243; el_class=\u00bbcolumna-derecha\u00bb css=\u00bb.vc_custom_1619604843074{padding-left: 40px !important;}\u00bb][vc_custom_heading text=\u00bbCORPINNAT\u00bb font_container=\u00bbtag:h3|font_size:40px|text_align:left\u00bb use_theme_fonts=\u00bbyes\u00bb][vc_custom_heading text=\u00bbTORELL\u00d3 SPECIAL EDITION COSTA DAURADA 2016&#8243; font_container=\u00bbtag:h4|text_align:left\u00bb use_theme_fonts=\u00bbyes\u00bb][vc_empty_space height=\u00bb22px\u00bb][vc_tta_tabs][vc_tta_section title=\u00bbPremios i Reconocimientos\u00bb tab_id=\u00bb1619602404113-c333082f-cdc3&#8243;][vc_column_text]<strong>Guia Pe\u00f1\u00edn 2021:<\/strong> 91 pts &#8211; 91 pts (magnum) \u2013 anyada \u201815<\/p>\n<p><strong>Robert Parker:<\/strong> 90 pts (\u201914)<\/p>\n<p><strong>International Wine Challenge:<\/strong> Medalla de bronze (\u201914)<\/p>\n<p><strong>Gilbert &amp; Gaillard:<\/strong> Medalla d\u2019Or (\u201913)<\/p>\n<p><strong>Guia Semana Vitivin\u00edcola:<\/strong> 94 pts (\u201913)[\/vc_column_text][\/vc_tta_section][vc_tta_section title=\u00bbNota de cata\u00bb tab_id=\u00bb1619602404153-b2fb5eab-1356&#8243;][vc_column_text]Color groc or nou, amb reflexos gris daurats. Net i transparent, amb formaci\u00f3 de rosari constant.<\/p>\n<p>En nas aporta aromes llaminers i verds, que porten al camp, com l&#8217;ametlla, argila seca i la flor de marge. Notes fresques de menta i fonoll, conjuntament amb fruita confitada de coca, brioix i llevat, sobre una subtil aroma mineral.<\/p>\n<p>Entrada en boca amb nervi, frescor i un pas r\u00e0pid. Notes llamineres, gran estructura.[\/vc_column_text][\/vc_tta_section][vc_tta_section title=\u00bbCaracter\u00edsticas\u00bb tab_id=\u00bb1619602712229-76525dfc-8fe1&#8243;][vc_column_text]<strong>Varietats:<\/strong> 44% xarel.lo, 37% macabeu, 12% chardonnay i 8% parellada, de la nostra finca ecol\u00f2gica de Can Mart\u00ed.<\/p>\n<p><strong>Collita:<\/strong> 2016. La verema 2016 va estar marcada per la sequera , amb una primavera i inici de l&#8217;estiu molt secs i tan sols una tempesta de 25 litres per m\u00b2, molt ben rebuda la tercera setmana de juliol. La falta de precipitacions general va comportar una menor producci\u00f3n, per\u00f2 un excel\u00b7lent estat sanitari de les vinyes, aspecte important per als cellers que elaborem vins i escumosos premium. La verema va comen\u00e7ar l&#8217;11 d&#8217;agost i va finalitzar el 13 de setembre.<\/p>\n<p><strong>Elaboraci\u00f3:<\/strong> Cada varietat de ra\u00efm, collit 100% a m\u00e0 i al punt \u00f2ptim de maduraci\u00f3, es transporta r\u00e0pidament fins a les premses, per a evitar la\u00a0 seva oxidaci\u00f3. Previ pas de tot el ra\u00efm per la taula de selecci\u00f3, es realitza per separat el premsatge de cada varietat, suaument, aprofitant nom\u00e9s la primera premsada, el \u201cmost flor\u201d.<\/p>\n<p>Hem incorporat a les nostres premses la tecnologia Inertys, que protegeix el most de l&#8217;oxidaci\u00f3 durant la fase del premsatge. Segona fermentaci\u00f3 en ampolla.<\/p>\n<p><strong>Crian\u00e7a:<\/strong> M\u00e9s de 36 mesos en ampolla. Cada any es realitza el poignettage (agitaci\u00f3 de l&#8217;ampolla), que fa que els llevats tornin a barrejar-se amb el vi. D&#8217;aquesta manera l&#8217;escum\u00f3s s&#8217;enriqueix en aromes i<br \/>\nsabors. Tipus brut, 4 gr\/l sucre.<\/p>\n<p><strong>Vol:<\/strong> 11,5%[\/vc_column_text][\/vc_tta_section][\/vc_tta_tabs][\/vc_column][\/vc_row][vc_row][vc_column][vc_empty_space height=\u00bb70px\u00bb][\/vc_column][\/vc_row][vc_row el_id=\u00bbllistat\u00bb][vc_column][vc_raw_html]JTNDZGl2JTIwaWQlM0QlMjJsbGlzdGF0LXJlc3RhdXJhbnRzJTIyJTNFJTNDJTJGZGl2JTNF[\/vc_raw_html][vc_empty_space height=\u00bb70px\u00bb][vc_custom_heading text=\u00bbLISTADO DE RESTAURANTES\u00bb font_container=\u00bbtag:h2|text_align:center\u00bb google_fonts=\u00bbfont_family:Montserrat%3Aregular%2C700|font_style:700%20bold%20regular%3A700%3Anormal\u00bb][vc_empty_space][vc_basic_grid post_type=\u00bbpost\u00bb max_items=\u00bb-1&#8243; orderby=\u00bbtitle\u00bb order=\u00bbASC\u00bb item=\u00bb23266&#8243; grid_id=\u00bbvc_gid:1620130027935-8f4dc55e-a35a-8&#8243; taxonomies=\u00bb521&#8243;][vc_empty_space][\/vc_column][\/vc_row][vc_row][vc_column][vc_raw_html]JTNDZGl2JTIwaWQlM0QlMjJtYXBhJTIyJTNFJTNDJTJGZGl2JTNF[\/vc_raw_html][vc_empty_space height=\u00bb70px\u00bb][vc_custom_heading text=\u00bbMAPA DE RESTAURANTES\u00bb font_container=\u00bbtag:h2|text_align:center\u00bb google_fonts=\u00bbfont_family:Montserrat%3Aregular%2C700|font_style:700%20bold%20regular%3A700%3Anormal\u00bb][vc_empty_space][vc_column_text][novo-map id=1][\/vc_column_text][vc_raw_html]JTNDZGl2JTIwaWQlM0QlMjJjb21lcmNvcyUyMiUzRSUzQyUyRmRpdiUzRQ==[\/vc_raw_html][\/vc_column][\/vc_row][vc_row][vc_column][vc_empty_space height=\u00bb70px\u00bb][vc_custom_heading text=\u00bbCOMERCIOS COLABORADORES\u00bb font_container=\u00bbtag:h2|text_align:center\u00bb google_fonts=\u00bbfont_family:Montserrat%3Aregular%2C700|font_style:700%20bold%20regular%3A700%3Anormal\u00bb][vc_empty_space][vc_column_text][comerc_logo][\/vc_column_text][vc_empty_space height=\u00bb70px\u00bb][\/vc_column][\/vc_row]<\/p>\n","protected":false},"excerpt":{"rendered":"<p>[vc_row][vc_column][vc_empty_space height=\u00bb70px\u00bb][vc_custom_heading text=\u00bbJORNADAS GASTRON\u00d3MICAS DEL ROMESCO DE CAMBRILS\u00bb font_container=\u00bbtag:h1|text_align:center\u00bb google_fonts=\u00bbfont_family:Montserrat%3Aregular%2C700|font_style:700%20bold%20regular%3A700%3Anormal\u00bb][vc_empty_space][vc_column_text]Vuelven las esperadas Jornadas Gastron\u00f3micas de Cambrils con un plato tradicional de la cocina cambrilense, el Romesco. &#x1f37d; Del 7 al 23 de mayo disfruta de todo el sabor de la cocina marinera de Cambrils. 28 restaurantes ofrecen men\u00fas y platillos \u00abenromescados\u00bb.[\/vc_column_text][vc_empty_space][\/vc_column][\/vc_row][vc_row][vc_column][vc_custom_heading text=\u00bbPATROCINA\u00bb font_container=\u00bbtag:h2|text_align:center\u00bb google_fonts=\u00bbfont_family:Montserrat%3Aregular%2C700|font_style:700%20bold%20regular%3A700%3Anormal\u00bb][vc_empty_space][vc_single_image image=\u00bb22916&#8243; [&hellip;]<\/p>\n","protected":false},"author":7,"featured_media":0,"parent":0,"menu_order":0,"comment_status":"closed","ping_status":"closed","template":"","meta":[],"acf":[],"_links":{"self":[{"href":"https:\/\/cambrils-turisme.com\/es\/wp-json\/wp\/v2\/pages\/23262"}],"collection":[{"href":"https:\/\/cambrils-turisme.com\/es\/wp-json\/wp\/v2\/pages"}],"about":[{"href":"https:\/\/cambrils-turisme.com\/es\/wp-json\/wp\/v2\/types\/page"}],"author":[{"embeddable":true,"href":"https:\/\/cambrils-turisme.com\/es\/wp-json\/wp\/v2\/users\/7"}],"replies":[{"embeddable":true,"href":"https:\/\/cambrils-turisme.com\/es\/wp-json\/wp\/v2\/comments?post=23262"}],"version-history":[{"count":8,"href":"https:\/\/cambrils-turisme.com\/es\/wp-json\/wp\/v2\/pages\/23262\/revisions"}],"predecessor-version":[{"id":23807,"href":"https:\/\/cambrils-turisme.com\/es\/wp-json\/wp\/v2\/pages\/23262\/revisions\/23807"}],"wp:attachment":[{"href":"https:\/\/cambrils-turisme.com\/es\/wp-json\/wp\/v2\/media?parent=23262"}],"curies":[{"name":"wp","href":"https:\/\/api.w.org\/{rel}","templated":true}]}}