{"id":11435,"date":"2020-05-08T11:47:30","date_gmt":"2020-05-08T11:47:30","guid":{"rendered":"https:\/\/cambrils-turisme.com\/platges\/"},"modified":"2020-11-12T07:57:27","modified_gmt":"2020-11-12T07:57:27","slug":"platges","status":"publish","type":"page","link":"https:\/\/cambrils-turisme.com\/es\/platges\/","title":{"rendered":"Playas"},"content":{"rendered":"<p>[vc_row][vc_column][layerslider_vc id=\u00bb36&#8243;][\/vc_column][\/vc_row][vc_row][vc_column][vc_column_text]<\/p>\n<div class=\"main_title\">\n<h2><\/h2>\n<h2>Vamos juntos <b>a la playa<\/b><\/h2>\n<\/div>\n<p>Hace poco una ni\u00f1a nos dijo: \u201cCambrils es mar\u201d. Lo ten\u00eda tan claro\u2026 I es que, verdaderamente, no se puede hablar de nuestra ciudad sin explicar los 9 kil\u00f3metros de su l\u00ednea de costa.<\/p>\n<p>Aqu\u00ed les olas suaves rompen en la fina arena de Cambrils perfecta para los juegos de los peque\u00f1os. Quien viene, queda enamorado para siempre y encuentra en Cambrils un alojamiento perfecto. Las familias pueden disfrutar del mar de Cambrils y las cuatro playas con Bandera Azul que reconocen la excelente calidad de nuestro medio mar\u00edtimo.<\/p>\n<p>Muchos dicen que junto al mar se encuentra la paz, serenidad y tranquilidad que tanta falta hacen hoy d\u00eda. Cambrils te permitir\u00e1 volver a ser ni\u00f1o y disfrutar del sol entre las risas de los tuyos, viviendo de nuevo la inocencia de cuando veraneabas. Te acuerdas<\/p>\n<p>Nuestras playas resultan id\u00f3neas para los m\u00e1s peque\u00f1os, con oasis de palmeras y juegos para el aprendizaje. Para los m\u00e1s aventureros tambi\u00e9n hay plataformas flotantes en el mar, las camas el\u00e1sticas en las playas y hasta los Miniclub donde conocer otros ni\u00f1os y ni\u00f1as. Cambrils es familia.<\/p>\n<p>Si hablas con los marineros de la zona, ellos te recomendaran un par de cosas a hacer\u2026 Todos te hablar\u00e1n de la conocida como Playa del Regueral, que en realidad se llama playa Prat d\u2019en For\u00e9s \u2013 Regueral. Donde se encuentran visitantes, turistas o locales. Aqu\u00ed podr\u00e1s hacer deportes en los campos de voley y de futbol o disfrutar de los chiringuitos y gandulas baja la sombra de los toldos. Adem\u00e1s, las pasarelas en la arena y los ba\u00f1os con silla anfibia la convierten en una playa inclusiva, pero no es la \u00fanica, ya que tambi\u00e9n encontrar\u00e1s estos servicios en otras playas, como la de Cavet o el Esquirol.<\/p>\n<p>En las playas de Cambrils puedes hacer de todo, jugar con las olas del mar \u2013en playas de poca profundidad\u2014 o disfrutar de un paseo por la arena fina de nuestra costa, mientras el agua te moja las piernas con su vaiv\u00e9n. Ahora bien, cuando est\u00e9s apunto para ir a tomar el, puedes escoger entre m\u00e1s de una veintena de restaurantes y bares que se encuentran a lo largo paseo Mar\u00edtimo de Cambrils. Como capital gastron\u00f3mica de la Costa Daurada, en Cambrils, tendr\u00e1s un buen pu\u00f1ado de deliciosas opciones que van desde la cocina tradicional marinera hasta las \u00faltimas tendencias de la cocina vanguardista.<\/p>\n<p>Llegues en coche, por el carril bici o a pie\u2026ver\u00e1s que nuestro paisaje mar\u00edtimo es ideal para hacerte un \u2018selfie\u2019. De hecho, te recomendamos que vayas a la playa de La Riera i te hagas una foto en las letras del municipio. Cada d\u00eda, miles de turistas sonr\u00eden y capturan esta estampa de nuestra tierra. El paseo de les Palmeres es uno de los espacio m\u00e1s fotografiados del municipio. I si caminas un poquito m\u00e1s, ver\u00e1s que los perros tambi\u00e9n son bienvenidos a nuestras playas, para nuestros amigos de cuatro patas tenemos una zona delimitada donde pueden disfrutar del mar mientras juegan con sus amos.<\/p>\n<p>Solo podemos decirte, ven y disfruta de las playas de Cambrils![\/vc_column_text][\/vc_column][\/vc_row]<\/p>\n","protected":false},"excerpt":{"rendered":"<p>[vc_row][vc_column][layerslider_vc id=\u00bb36&#8243;][\/vc_column][\/vc_row][vc_row][vc_column][vc_column_text] Vamos juntos a la playa Hace poco una ni\u00f1a nos dijo: \u201cCambrils es mar\u201d. Lo ten\u00eda tan claro\u2026 I es que, verdaderamente, no se puede hablar de nuestra ciudad sin explicar los 9 kil\u00f3metros de su l\u00ednea de costa. Aqu\u00ed les olas suaves rompen en la fina arena de Cambrils perfecta para los [&hellip;]<\/p>\n","protected":false},"author":3,"featured_media":0,"parent":0,"menu_order":0,"comment_status":"closed","ping_status":"closed","template":"","meta":[],"acf":[],"_links":{"self":[{"href":"https:\/\/cambrils-turisme.com\/es\/wp-json\/wp\/v2\/pages\/11435"}],"collection":[{"href":"https:\/\/cambrils-turisme.com\/es\/wp-json\/wp\/v2\/pages"}],"about":[{"href":"https:\/\/cambrils-turisme.com\/es\/wp-json\/wp\/v2\/types\/page"}],"author":[{"embeddable":true,"href":"https:\/\/cambrils-turisme.com\/es\/wp-json\/wp\/v2\/users\/3"}],"replies":[{"embeddable":true,"href":"https:\/\/cambrils-turisme.com\/es\/wp-json\/wp\/v2\/comments?post=11435"}],"version-history":[{"count":6,"href":"https:\/\/cambrils-turisme.com\/es\/wp-json\/wp\/v2\/pages\/11435\/revisions"}],"predecessor-version":[{"id":13830,"href":"https:\/\/cambrils-turisme.com\/es\/wp-json\/wp\/v2\/pages\/11435\/revisions\/13830"}],"wp:attachment":[{"href":"https:\/\/cambrils-turisme.com\/es\/wp-json\/wp\/v2\/media?parent=11435"}],"curies":[{"name":"wp","href":"https:\/\/api.w.org\/{rel}","templated":true}]}}