{"id":10384,"date":"2020-04-30T17:50:16","date_gmt":"2020-04-30T17:50:16","guid":{"rendered":"https:\/\/cambrils-turisme.com\/vistasalmar\/"},"modified":"2020-05-11T13:59:55","modified_gmt":"2020-05-11T13:59:55","slug":"vistasalmar","status":"publish","type":"page","link":"https:\/\/cambrils-turisme.com\/es\/vistasalmar\/","title":{"rendered":"Vistas al mar"},"content":{"rendered":"<p>[vc_row][vc_column][vc_column_text]<\/p>\n<p style=\"text-align: center;\">Queremos llenar las redes de fotos de nuestras playas (hechos antes del confinamiento o desde la ventana).<br \/>\nCompartiremos uno de nuestros atractivos m\u00e1s queridos, nuestro mar.<br \/>\nNosotros os echamos de menos igual que vosotros ech\u00e1is de menos la playa, por eso te queremos hacer llegar este pedacito de Cambrils.<\/p>\n<p>&nbsp;<\/p>\n<h2 style=\"text-align: center;\"><b>Concurso<\/b><\/h2>\n<p style=\"text-align: center;\">Comparte tus vistas en el mar con un amigo y gana un fin de semana en Cambrils \ud83d\ude42<\/p>\n<p>&nbsp;<\/p>\n<h2 style=\"text-align: center;\">\u00bfC\u00f3mo participar?<\/h2>\n<p style=\"text-align: center;\"><strong>1.<\/strong> Haz una foto de tus vistas en el mar de Cambrils.<br \/>\n<strong>2.<\/strong> S\u00fabela en Instagram.<br \/>\n<strong>3.<\/strong> Etiqueta al patronato y a un amigo\/a que eche de menos Cambrils.<br \/>\n<strong>4.<\/strong> Utiliza el #Cambrils y mencionanos en instagram: @CambrilsTurisme<br \/>\n<strong>5.<\/strong> Si haces esto, puedes ganar un fin de semana en Cambrils gracias a la colaboraci\u00f3n de los empresarios Tur\u00edsticos y de Hosteler\u00eda.<\/p>\n<p style=\"text-align: center;\"><strong>Entre todos\/as los participantes sortearemos un fin de semana en Cambrils.<\/strong><\/p>\n<p>&nbsp;<\/p>\n<h2 style=\"text-align: center;\">Condiciones:<\/h2>\n<p style=\"text-align: center;\"><strong>1.<\/strong> Ser mayor de edad.<br \/>\n<strong>2.<\/strong> Cumplir todas los pasos que pide el concurso.<\/p>\n<p>&nbsp;<\/p>\n<p>[FinalTilesGallery id=\u00bb3&#8243;][\/vc_column_text][\/vc_column][\/vc_row]<\/p>\n","protected":false},"excerpt":{"rendered":"<p>[vc_row][vc_column][vc_column_text] Queremos llenar las redes de fotos de nuestras playas (hechos antes del confinamiento o desde la ventana). Compartiremos uno de nuestros atractivos m\u00e1s queridos, nuestro mar. Nosotros os echamos de menos igual que vosotros ech\u00e1is de menos la playa, por eso te queremos hacer llegar este pedacito de Cambrils. &nbsp; Concurso Comparte tus vistas [&hellip;]<\/p>\n","protected":false},"author":3,"featured_media":0,"parent":0,"menu_order":0,"comment_status":"closed","ping_status":"closed","template":"","meta":[],"acf":[],"_links":{"self":[{"href":"https:\/\/cambrils-turisme.com\/es\/wp-json\/wp\/v2\/pages\/10384"}],"collection":[{"href":"https:\/\/cambrils-turisme.com\/es\/wp-json\/wp\/v2\/pages"}],"about":[{"href":"https:\/\/cambrils-turisme.com\/es\/wp-json\/wp\/v2\/types\/page"}],"author":[{"embeddable":true,"href":"https:\/\/cambrils-turisme.com\/es\/wp-json\/wp\/v2\/users\/3"}],"replies":[{"embeddable":true,"href":"https:\/\/cambrils-turisme.com\/es\/wp-json\/wp\/v2\/comments?post=10384"}],"version-history":[{"count":5,"href":"https:\/\/cambrils-turisme.com\/es\/wp-json\/wp\/v2\/pages\/10384\/revisions"}],"predecessor-version":[{"id":10484,"href":"https:\/\/cambrils-turisme.com\/es\/wp-json\/wp\/v2\/pages\/10384\/revisions\/10484"}],"wp:attachment":[{"href":"https:\/\/cambrils-turisme.com\/es\/wp-json\/wp\/v2\/media?parent=10384"}],"curies":[{"name":"wp","href":"https:\/\/api.w.org\/{rel}","templated":true}]}}